{"id":278,"date":"2022-10-19T15:06:40","date_gmt":"2022-10-19T12:06:40","guid":{"rendered":"https:\/\/www.nkrotadanismanlik.com.tr\/?page_id=278"},"modified":"2022-10-23T17:22:23","modified_gmt":"2022-10-23T14:22:23","slug":"misyon","status":"publish","type":"page","link":"https:\/\/www.nkrotadanismanlik.com.tr\/?page_id=278","title":{"rendered":"Misyon"},"content":{"rendered":"\t\t<div data-elementor-type=\"wp-page\" data-elementor-id=\"278\" class=\"elementor elementor-278\">\n\t\t\t\t\t\t\t\t\t<section class=\"elementor-section elementor-top-section elementor-element elementor-element-ca465c6 elementor-section-boxed elementor-section-height-default elementor-section-height-default\" data-id=\"ca465c6\" data-element_type=\"section\">\n\t\t\t\t\t\t<div class=\"elementor-container elementor-column-gap-default\">\n\t\t\t\t\t<div class=\"elementor-column elementor-col-100 elementor-top-column elementor-element elementor-element-d5d134e\" data-id=\"d5d134e\" data-element_type=\"column\">\n\t\t\t<div class=\"elementor-widget-wrap elementor-element-populated\">\n\t\t\t\t\t\t\t\t<section class=\"elementor-section elementor-inner-section elementor-element elementor-element-ab3ca81 elementor-section-boxed elementor-section-height-default elementor-section-height-default\" data-id=\"ab3ca81\" data-element_type=\"section\">\n\t\t\t\t\t\t<div class=\"elementor-container elementor-column-gap-default\">\n\t\t\t\t\t<div class=\"elementor-column elementor-col-50 elementor-inner-column elementor-element elementor-element-4037842\" data-id=\"4037842\" data-element_type=\"column\">\n\t\t\t<div class=\"elementor-widget-wrap elementor-element-populated\">\n\t\t\t\t\t\t\t\t<div class=\"elementor-element elementor-element-2ddb4a7 elementor-widget elementor-widget-text-editor\" data-id=\"2ddb4a7\" data-element_type=\"widget\" data-widget_type=\"text-editor.default\">\n\t\t\t\t<div class=\"elementor-widget-container\">\n\t\t\t<style>\/*! elementor - v3.8.1 - 13-11-2022 *\/\n.elementor-widget-text-editor.elementor-drop-cap-view-stacked .elementor-drop-cap{background-color:#818a91;color:#fff}.elementor-widget-text-editor.elementor-drop-cap-view-framed .elementor-drop-cap{color:#818a91;border:3px solid;background-color:transparent}.elementor-widget-text-editor:not(.elementor-drop-cap-view-default) .elementor-drop-cap{margin-top:8px}.elementor-widget-text-editor:not(.elementor-drop-cap-view-default) .elementor-drop-cap-letter{width:1em;height:1em}.elementor-widget-text-editor .elementor-drop-cap{float:left;text-align:center;line-height:1;font-size:50px}.elementor-widget-text-editor .elementor-drop-cap-letter{display:inline-block}<\/style>\t\t\t\t<p>\u00a0<\/p><p><strong>Misyonumuz;<\/strong><\/p><p>M\u00fc\u015fterinin kapasitesi, altyap\u0131s\u0131 ve gelecek planlar\u0131n\u0131 do\u011fru analiz ederek, onlarca yerli ve yabanc\u0131 kurum taraf\u0131ndan sa\u011flanan te\u015fvik ve hibelerin m\u00fc\u015fteriye uygun olanlar\u0131n\u0131 belirlemek, \u0130\u015fletmenin b\u00fcy\u00fcme planlar\u0131n\u0131 te\u015fvik ve hibe mekanizmalar\u0131 ile birle\u015ftirerek \u0130\u015fletmenin do\u011fru ROTA\u2019da ilerlemesini sa\u011flamakt\u0131r.<\/p>\t\t\t\t\t\t<\/div>\n\t\t\t\t<\/div>\n\t\t\t\t\t<\/div>\n\t\t<\/div>\n\t\t\t\t<div class=\"elementor-column elementor-col-50 elementor-inner-column elementor-element elementor-element-b3717b4\" data-id=\"b3717b4\" data-element_type=\"column\">\n\t\t\t<div class=\"elementor-widget-wrap\">\n\t\t\t\t\t\t\t\t\t<\/div>\n\t\t<\/div>\n\t\t\t\t\t\t\t<\/div>\n\t\t<\/section>\n\t\t\t\t\t<\/div>\n\t\t<\/div>\n\t\t\t\t\t\t\t<\/div>\n\t\t<\/section>\n\t\t\t\t\t\t\t<\/div>\n\t\t","protected":false},"excerpt":{"rendered":"<p>\u00a0 Misyonumuz; M\u00fc\u015fterinin kapasitesi, altyap\u0131s\u0131 ve gelecek planlar\u0131n\u0131 do\u011fru analiz ederek, onlarca yerli ve yabanc\u0131 kurum taraf\u0131ndan sa\u011flanan te\u015fvik ve hibelerin m\u00fc\u015fteriye uygun olanlar\u0131n\u0131 belirlemek, \u0130\u015fletmenin b\u00fcy\u00fcme planlar\u0131n\u0131 te\u015fvik ve hibe mekanizmalar\u0131 ile birle\u015ftirerek \u0130\u015fletmenin do\u011fru ROTA\u2019da ilerlemesini sa\u011flamakt\u0131r.<\/p>\n","protected":false},"author":1,"featured_media":0,"parent":0,"menu_order":0,"comment_status":"closed","ping_status":"closed","template":"","meta":{"site-sidebar-layout":"no-sidebar","site-content-layout":"page-builder","ast-global-header-display":"","ast-main-header-display":"","ast-hfb-above-header-display":"","ast-hfb-below-header-display":"","ast-hfb-mobile-header-display":"","site-post-title":"disabled","ast-breadcrumbs-content":"","ast-featured-img":"disabled","footer-sml-layout":"","theme-transparent-header-meta":"","adv-header-id-meta":"","stick-header-meta":"","header-above-stick-meta":"","header-main-stick-meta":"","header-below-stick-meta":"","footnotes":""},"class_list":["post-278","page","type-page","status-publish","hentry"],"yoast_head":"<!-- This site is optimized with the Yoast SEO plugin v19.10 - https:\/\/yoast.com\/wordpress\/plugins\/seo\/ -->\n<title>Misyon - NK Rota Dan\u0131\u015fmanl\u0131k<\/title>\n<meta name=\"robots\" content=\"index, follow, max-snippet:-1, max-image-preview:large, max-video-preview:-1\" \/>\n<link rel=\"canonical\" href=\"https:\/\/www.nkrotadanismanlik.com.tr\/?page_id=278\" \/>\n<meta property=\"og:locale\" content=\"tr_TR\" \/>\n<meta property=\"og:type\" content=\"article\" \/>\n<meta property=\"og:title\" content=\"Misyon - NK Rota Dan\u0131\u015fmanl\u0131k\" \/>\n<meta property=\"og:description\" content=\"\u00a0 Misyonumuz; M\u00fc\u015fterinin kapasitesi, altyap\u0131s\u0131 ve gelecek planlar\u0131n\u0131 do\u011fru analiz ederek, onlarca yerli ve yabanc\u0131 kurum taraf\u0131ndan sa\u011flanan te\u015fvik ve hibelerin m\u00fc\u015fteriye uygun olanlar\u0131n\u0131 belirlemek, \u0130\u015fletmenin b\u00fcy\u00fcme planlar\u0131n\u0131 te\u015fvik ve hibe mekanizmalar\u0131 ile birle\u015ftirerek \u0130\u015fletmenin do\u011fru ROTA\u2019da ilerlemesini sa\u011flamakt\u0131r.\" \/>\n<meta property=\"og:url\" content=\"https:\/\/www.nkrotadanismanlik.com.tr\/?page_id=278\" \/>\n<meta property=\"og:site_name\" content=\"NK Rota Dan\u0131\u015fmanl\u0131k\" \/>\n<meta property=\"article:modified_time\" content=\"2022-10-23T14:22:23+00:00\" \/>\n<meta name=\"twitter:card\" content=\"summary_large_image\" \/>\n<meta name=\"twitter:label1\" content=\"Tahmini okuma s\u00fcresi\" \/>\n\t<meta name=\"twitter:data1\" content=\"1 dakika\" \/>\n<script type=\"application\/ld+json\" class=\"yoast-schema-graph\">{\"@context\":\"https:\/\/schema.org\",\"@graph\":[{\"@type\":\"WebPage\",\"@id\":\"https:\/\/www.nkrotadanismanlik.com.tr\/?page_id=278\",\"url\":\"https:\/\/www.nkrotadanismanlik.com.tr\/?page_id=278\",\"name\":\"Misyon - NK Rota Dan\u0131\u015fmanl\u0131k\",\"isPartOf\":{\"@id\":\"https:\/\/www.nkrotadanismanlik.com.tr\/#website\"},\"datePublished\":\"2022-10-19T12:06:40+00:00\",\"dateModified\":\"2022-10-23T14:22:23+00:00\",\"breadcrumb\":{\"@id\":\"https:\/\/www.nkrotadanismanlik.com.tr\/?page_id=278#breadcrumb\"},\"inLanguage\":\"tr\",\"potentialAction\":[{\"@type\":\"ReadAction\",\"target\":[\"https:\/\/www.nkrotadanismanlik.com.tr\/?page_id=278\"]}]},{\"@type\":\"BreadcrumbList\",\"@id\":\"https:\/\/www.nkrotadanismanlik.com.tr\/?page_id=278#breadcrumb\",\"itemListElement\":[{\"@type\":\"ListItem\",\"position\":1,\"name\":\"Anasayfa\",\"item\":\"https:\/\/www.nkrotadanismanlik.com.tr\/\"},{\"@type\":\"ListItem\",\"position\":2,\"name\":\"Misyon\"}]},{\"@type\":\"WebSite\",\"@id\":\"https:\/\/www.nkrotadanismanlik.com.tr\/#website\",\"url\":\"https:\/\/www.nkrotadanismanlik.com.tr\/\",\"name\":\"NK Rota Dan\u0131\u015fmanl\u0131k\",\"description\":\"Sizin \u0130\u00e7in En Do\u011fru ROTA\",\"publisher\":{\"@id\":\"https:\/\/www.nkrotadanismanlik.com.tr\/#organization\"},\"potentialAction\":[{\"@type\":\"SearchAction\",\"target\":{\"@type\":\"EntryPoint\",\"urlTemplate\":\"https:\/\/www.nkrotadanismanlik.com.tr\/?s={search_term_string}\"},\"query-input\":\"required name=search_term_string\"}],\"inLanguage\":\"tr\"},{\"@type\":\"Organization\",\"@id\":\"https:\/\/www.nkrotadanismanlik.com.tr\/#organization\",\"name\":\"NK Rota Dan\u0131\u015fmanl\u0131k\",\"url\":\"https:\/\/www.nkrotadanismanlik.com.tr\/\",\"logo\":{\"@type\":\"ImageObject\",\"inLanguage\":\"tr\",\"@id\":\"https:\/\/www.nkrotadanismanlik.com.tr\/#\/schema\/logo\/image\/\",\"url\":\"https:\/\/www.nkrotadanismanlik.com.tr\/wp-content\/uploads\/2022\/08\/cropped-Defi-Finance-Logo-7-yazisisz.png\",\"contentUrl\":\"https:\/\/www.nkrotadanismanlik.com.tr\/wp-content\/uploads\/2022\/08\/cropped-Defi-Finance-Logo-7-yazisisz.png\",\"width\":129,\"height\":125,\"caption\":\"NK Rota Dan\u0131\u015fmanl\u0131k\"},\"image\":{\"@id\":\"https:\/\/www.nkrotadanismanlik.com.tr\/#\/schema\/logo\/image\/\"}}]}<\/script>\n<!-- \/ Yoast SEO plugin. -->","yoast_head_json":{"title":"Misyon - NK Rota Dan\u0131\u015fmanl\u0131k","robots":{"index":"index","follow":"follow","max-snippet":"max-snippet:-1","max-image-preview":"max-image-preview:large","max-video-preview":"max-video-preview:-1"},"canonical":"https:\/\/www.nkrotadanismanlik.com.tr\/?page_id=278","og_locale":"tr_TR","og_type":"article","og_title":"Misyon - NK Rota Dan\u0131\u015fmanl\u0131k","og_description":"\u00a0 Misyonumuz; M\u00fc\u015fterinin kapasitesi, altyap\u0131s\u0131 ve gelecek planlar\u0131n\u0131 do\u011fru analiz ederek, onlarca yerli ve yabanc\u0131 kurum taraf\u0131ndan sa\u011flanan te\u015fvik ve hibelerin m\u00fc\u015fteriye uygun olanlar\u0131n\u0131 belirlemek, \u0130\u015fletmenin b\u00fcy\u00fcme planlar\u0131n\u0131 te\u015fvik ve hibe mekanizmalar\u0131 ile birle\u015ftirerek \u0130\u015fletmenin do\u011fru ROTA\u2019da ilerlemesini sa\u011flamakt\u0131r.","og_url":"https:\/\/www.nkrotadanismanlik.com.tr\/?page_id=278","og_site_name":"NK Rota Dan\u0131\u015fmanl\u0131k","article_modified_time":"2022-10-23T14:22:23+00:00","twitter_card":"summary_large_image","twitter_misc":{"Tahmini okuma s\u00fcresi":"1 dakika"},"schema":{"@context":"https:\/\/schema.org","@graph":[{"@type":"WebPage","@id":"https:\/\/www.nkrotadanismanlik.com.tr\/?page_id=278","url":"https:\/\/www.nkrotadanismanlik.com.tr\/?page_id=278","name":"Misyon - NK Rota Dan\u0131\u015fmanl\u0131k","isPartOf":{"@id":"https:\/\/www.nkrotadanismanlik.com.tr\/#website"},"datePublished":"2022-10-19T12:06:40+00:00","dateModified":"2022-10-23T14:22:23+00:00","breadcrumb":{"@id":"https:\/\/www.nkrotadanismanlik.com.tr\/?page_id=278#breadcrumb"},"inLanguage":"tr","potentialAction":[{"@type":"ReadAction","target":["https:\/\/www.nkrotadanismanlik.com.tr\/?page_id=278"]}]},{"@type":"BreadcrumbList","@id":"https:\/\/www.nkrotadanismanlik.com.tr\/?page_id=278#breadcrumb","itemListElement":[{"@type":"ListItem","position":1,"name":"Anasayfa","item":"https:\/\/www.nkrotadanismanlik.com.tr\/"},{"@type":"ListItem","position":2,"name":"Misyon"}]},{"@type":"WebSite","@id":"https:\/\/www.nkrotadanismanlik.com.tr\/#website","url":"https:\/\/www.nkrotadanismanlik.com.tr\/","name":"NK Rota Dan\u0131\u015fmanl\u0131k","description":"Sizin \u0130\u00e7in En Do\u011fru ROTA","publisher":{"@id":"https:\/\/www.nkrotadanismanlik.com.tr\/#organization"},"potentialAction":[{"@type":"SearchAction","target":{"@type":"EntryPoint","urlTemplate":"https:\/\/www.nkrotadanismanlik.com.tr\/?s={search_term_string}"},"query-input":"required name=search_term_string"}],"inLanguage":"tr"},{"@type":"Organization","@id":"https:\/\/www.nkrotadanismanlik.com.tr\/#organization","name":"NK Rota Dan\u0131\u015fmanl\u0131k","url":"https:\/\/www.nkrotadanismanlik.com.tr\/","logo":{"@type":"ImageObject","inLanguage":"tr","@id":"https:\/\/www.nkrotadanismanlik.com.tr\/#\/schema\/logo\/image\/","url":"https:\/\/www.nkrotadanismanlik.com.tr\/wp-content\/uploads\/2022\/08\/cropped-Defi-Finance-Logo-7-yazisisz.png","contentUrl":"https:\/\/www.nkrotadanismanlik.com.tr\/wp-content\/uploads\/2022\/08\/cropped-Defi-Finance-Logo-7-yazisisz.png","width":129,"height":125,"caption":"NK Rota Dan\u0131\u015fmanl\u0131k"},"image":{"@id":"https:\/\/www.nkrotadanismanlik.com.tr\/#\/schema\/logo\/image\/"}}]}},"_links":{"self":[{"href":"https:\/\/www.nkrotadanismanlik.com.tr\/index.php?rest_route=\/wp\/v2\/pages\/278","targetHints":{"allow":["GET"]}}],"collection":[{"href":"https:\/\/www.nkrotadanismanlik.com.tr\/index.php?rest_route=\/wp\/v2\/pages"}],"about":[{"href":"https:\/\/www.nkrotadanismanlik.com.tr\/index.php?rest_route=\/wp\/v2\/types\/page"}],"author":[{"embeddable":true,"href":"https:\/\/www.nkrotadanismanlik.com.tr\/index.php?rest_route=\/wp\/v2\/users\/1"}],"replies":[{"embeddable":true,"href":"https:\/\/www.nkrotadanismanlik.com.tr\/index.php?rest_route=%2Fwp%2Fv2%2Fcomments&post=278"}],"version-history":[{"count":6,"href":"https:\/\/www.nkrotadanismanlik.com.tr\/index.php?rest_route=\/wp\/v2\/pages\/278\/revisions"}],"predecessor-version":[{"id":420,"href":"https:\/\/www.nkrotadanismanlik.com.tr\/index.php?rest_route=\/wp\/v2\/pages\/278\/revisions\/420"}],"wp:attachment":[{"href":"https:\/\/www.nkrotadanismanlik.com.tr\/index.php?rest_route=%2Fwp%2Fv2%2Fmedia&parent=278"}],"curies":[{"name":"wp","href":"https:\/\/api.w.org\/{rel}","templated":true}]}}