{"id":27,"date":"2022-08-29T11:43:43","date_gmt":"2022-08-29T08:43:43","guid":{"rendered":"https:\/\/www.nkrotadanismanlik.com.tr\/?page_id=27"},"modified":"2022-08-29T12:35:36","modified_gmt":"2022-08-29T09:35:36","slug":"cozumlerimiz","status":"publish","type":"page","link":"https:\/\/www.nkrotadanismanlik.com.tr\/?page_id=27","title":{"rendered":"\u00c7\u00f6z\u00fcmlerimiz"},"content":{"rendered":"\t\t<div data-elementor-type=\"wp-page\" data-elementor-id=\"27\" class=\"elementor elementor-27\">\n\t\t\t\t\t\t\t\t\t<section class=\"elementor-section elementor-top-section elementor-element elementor-element-5da233f elementor-section-boxed elementor-section-height-default elementor-section-height-default\" data-id=\"5da233f\" data-element_type=\"section\">\n\t\t\t\t\t\t<div class=\"elementor-container elementor-column-gap-default\">\n\t\t\t\t\t<div class=\"elementor-column elementor-col-100 elementor-top-column elementor-element elementor-element-a24d7bf\" data-id=\"a24d7bf\" data-element_type=\"column\">\n\t\t\t<div class=\"elementor-widget-wrap elementor-element-populated\">\n\t\t\t\t\t\t\t\t<section class=\"elementor-section elementor-inner-section elementor-element elementor-element-ffc3374 elementor-section-boxed elementor-section-height-default elementor-section-height-default\" data-id=\"ffc3374\" data-element_type=\"section\">\n\t\t\t\t\t\t<div class=\"elementor-container elementor-column-gap-default\">\n\t\t\t\t\t<div class=\"elementor-column elementor-col-50 elementor-inner-column elementor-element elementor-element-aafcdb5\" data-id=\"aafcdb5\" data-element_type=\"column\">\n\t\t\t<div class=\"elementor-widget-wrap elementor-element-populated\">\n\t\t\t\t\t\t\t\t<div class=\"elementor-element elementor-element-fd563b2 elementor-invisible elementor-widget elementor-widget-text-editor\" data-id=\"fd563b2\" data-element_type=\"widget\" data-settings=\"{&quot;_animation&quot;:&quot;zoomIn&quot;}\" data-widget_type=\"text-editor.default\">\n\t\t\t\t<div class=\"elementor-widget-container\">\n\t\t\t<style>\/*! elementor - v3.8.1 - 13-11-2022 *\/\n.elementor-widget-text-editor.elementor-drop-cap-view-stacked .elementor-drop-cap{background-color:#818a91;color:#fff}.elementor-widget-text-editor.elementor-drop-cap-view-framed .elementor-drop-cap{color:#818a91;border:3px solid;background-color:transparent}.elementor-widget-text-editor:not(.elementor-drop-cap-view-default) .elementor-drop-cap{margin-top:8px}.elementor-widget-text-editor:not(.elementor-drop-cap-view-default) .elementor-drop-cap-letter{width:1em;height:1em}.elementor-widget-text-editor .elementor-drop-cap{float:left;text-align:center;line-height:1;font-size:50px}.elementor-widget-text-editor .elementor-drop-cap-letter{display:inline-block}<\/style>\t\t\t\t<ul><li>Ar-Ge Merkezi Dan\u0131\u015fmanl\u0131\u011f\u0131<\/li><li>Tasar\u0131m Merkezi Dan\u0131\u015fmanl\u0131\u011f\u0131<\/li><li>Teknopark Dan\u0131\u015fmanl\u0131\u011f\u0131<\/li><li>T\u00dcB\u0130TAK Destekleri<\/li><li>KOSGEB Destekleri<\/li><li>\u0130hracat Destekleri<\/li><li>Kalk\u0131nma Ajans\u0131 Destekleri<\/li><li>Turquality Destekleri<\/li><li>Yat\u0131r\u0131m Te\u015fvik Belgesi<\/li><li>Tar\u0131m Bakanl\u0131\u011f\u0131 Destekleri<\/li><li>TKDK Destekleri<\/li><li>SGK Destekleri<\/li><li>T\u00fcrk Eximbank Destekleri<\/li><li>T\u00fcrkiye Kalk\u0131nma ve Yat\u0131r\u0131m Bankas\u0131 Destekleri<\/li><li>Ticaret Bakanl\u0131\u011f\u0131 Destekleri<\/li><li>Sanayi Bakanl\u0131\u011f\u0131 Destekleri<\/li><li>Ula\u015ft\u0131rma ve Altyap\u0131 Bakanl\u0131\u011f\u0131 Destekleri<\/li><li>AB Destekleri<\/li><li>D\u00fcnya Bankas\u0131 Destekleri<\/li><li>ve dahas\u0131<\/li><\/ul>\t\t\t\t\t\t<\/div>\n\t\t\t\t<\/div>\n\t\t\t\t\t<\/div>\n\t\t<\/div>\n\t\t\t\t<div class=\"elementor-column elementor-col-50 elementor-inner-column elementor-element elementor-element-58f8c7e\" data-id=\"58f8c7e\" data-element_type=\"column\">\n\t\t\t<div class=\"elementor-widget-wrap elementor-element-populated\">\n\t\t\t\t\t\t\t\t<div class=\"elementor-element elementor-element-66642b9 elementor-widget elementor-widget-image\" data-id=\"66642b9\" data-element_type=\"widget\" data-widget_type=\"image.default\">\n\t\t\t\t<div class=\"elementor-widget-container\">\n\t\t\t<style>\/*! elementor - v3.8.1 - 13-11-2022 *\/\n.elementor-widget-image{text-align:center}.elementor-widget-image a{display:inline-block}.elementor-widget-image a img[src$=\".svg\"]{width:48px}.elementor-widget-image img{vertical-align:middle;display:inline-block}<\/style>\t\t\t\t\t\t\t\t\t\t\t\t<img loading=\"lazy\" decoding=\"async\" width=\"539\" height=\"364\" src=\"https:\/\/www.nkrotadanismanlik.com.tr\/wp-content\/uploads\/2022\/08\/res1.png\" class=\"attachment-large size-large\" alt=\"\" srcset=\"https:\/\/www.nkrotadanismanlik.com.tr\/wp-content\/uploads\/2022\/08\/res1.png 539w, https:\/\/www.nkrotadanismanlik.com.tr\/wp-content\/uploads\/2022\/08\/res1-300x203.png 300w\" sizes=\"auto, (max-width: 539px) 100vw, 539px\" \/>\t\t\t\t\t\t\t\t\t\t\t\t\t\t\t<\/div>\n\t\t\t\t<\/div>\n\t\t\t\t\t<\/div>\n\t\t<\/div>\n\t\t\t\t\t\t\t<\/div>\n\t\t<\/section>\n\t\t\t\t\t<\/div>\n\t\t<\/div>\n\t\t\t\t\t\t\t<\/div>\n\t\t<\/section>\n\t\t\t\t\t\t\t<\/div>\n\t\t","protected":false},"excerpt":{"rendered":"<p>Ar-Ge Merkezi Dan\u0131\u015fmanl\u0131\u011f\u0131 Tasar\u0131m Merkezi Dan\u0131\u015fmanl\u0131\u011f\u0131 Teknopark Dan\u0131\u015fmanl\u0131\u011f\u0131 T\u00dcB\u0130TAK Destekleri KOSGEB Destekleri \u0130hracat Destekleri Kalk\u0131nma Ajans\u0131 Destekleri Turquality Destekleri Yat\u0131r\u0131m Te\u015fvik Belgesi Tar\u0131m Bakanl\u0131\u011f\u0131 Destekleri TKDK Destekleri SGK Destekleri T\u00fcrk Eximbank Destekleri T\u00fcrkiye Kalk\u0131nma ve Yat\u0131r\u0131m Bankas\u0131 Destekleri Ticaret Bakanl\u0131\u011f\u0131 Destekleri Sanayi Bakanl\u0131\u011f\u0131 Destekleri Ula\u015ft\u0131rma ve Altyap\u0131 Bakanl\u0131\u011f\u0131 Destekleri AB Destekleri D\u00fcnya Bankas\u0131 Destekleri ve &hellip;<\/p>\n<p class=\"read-more\"> <a class=\"\" href=\"https:\/\/www.nkrotadanismanlik.com.tr\/?page_id=27\"> <span class=\"screen-reader-text\">\u00c7\u00f6z\u00fcmlerimiz<\/span> Devam\u0131 &raquo;<\/a><\/p>\n","protected":false},"author":1,"featured_media":0,"parent":0,"menu_order":0,"comment_status":"closed","ping_status":"closed","template":"","meta":{"site-sidebar-layout":"no-sidebar","site-content-layout":"page-builder","ast-global-header-display":"","ast-main-header-display":"","ast-hfb-above-header-display":"","ast-hfb-below-header-display":"","ast-hfb-mobile-header-display":"","site-post-title":"disabled","ast-breadcrumbs-content":"","ast-featured-img":"disabled","footer-sml-layout":"","theme-transparent-header-meta":"","adv-header-id-meta":"","stick-header-meta":"","header-above-stick-meta":"","header-main-stick-meta":"","header-below-stick-meta":"","footnotes":""},"class_list":["post-27","page","type-page","status-publish","hentry"],"yoast_head":"<!-- This site is optimized with the Yoast SEO plugin v19.10 - https:\/\/yoast.com\/wordpress\/plugins\/seo\/ -->\n<title>\u00c7\u00f6z\u00fcmlerimiz - NK Rota Dan\u0131\u015fmanl\u0131k<\/title>\n<meta name=\"robots\" content=\"index, follow, max-snippet:-1, max-image-preview:large, max-video-preview:-1\" \/>\n<link rel=\"canonical\" href=\"https:\/\/www.nkrotadanismanlik.com.tr\/?page_id=27\" \/>\n<meta property=\"og:locale\" content=\"tr_TR\" \/>\n<meta property=\"og:type\" content=\"article\" \/>\n<meta property=\"og:title\" content=\"\u00c7\u00f6z\u00fcmlerimiz - NK Rota Dan\u0131\u015fmanl\u0131k\" \/>\n<meta property=\"og:description\" content=\"Ar-Ge Merkezi Dan\u0131\u015fmanl\u0131\u011f\u0131 Tasar\u0131m Merkezi Dan\u0131\u015fmanl\u0131\u011f\u0131 Teknopark Dan\u0131\u015fmanl\u0131\u011f\u0131 T\u00dcB\u0130TAK Destekleri KOSGEB Destekleri \u0130hracat Destekleri Kalk\u0131nma Ajans\u0131 Destekleri Turquality Destekleri Yat\u0131r\u0131m Te\u015fvik Belgesi Tar\u0131m Bakanl\u0131\u011f\u0131 Destekleri TKDK Destekleri SGK Destekleri T\u00fcrk Eximbank Destekleri T\u00fcrkiye Kalk\u0131nma ve Yat\u0131r\u0131m Bankas\u0131 Destekleri Ticaret Bakanl\u0131\u011f\u0131 Destekleri Sanayi Bakanl\u0131\u011f\u0131 Destekleri Ula\u015ft\u0131rma ve Altyap\u0131 Bakanl\u0131\u011f\u0131 Destekleri AB Destekleri D\u00fcnya Bankas\u0131 Destekleri ve &hellip; \u00c7\u00f6z\u00fcmlerimiz Devam\u0131 &raquo;\" \/>\n<meta property=\"og:url\" content=\"https:\/\/www.nkrotadanismanlik.com.tr\/?page_id=27\" \/>\n<meta property=\"og:site_name\" content=\"NK Rota Dan\u0131\u015fmanl\u0131k\" \/>\n<meta property=\"article:modified_time\" content=\"2022-08-29T09:35:36+00:00\" \/>\n<meta property=\"og:image\" content=\"https:\/\/www.nkrotadanismanlik.com.tr\/wp-content\/uploads\/2022\/08\/res1.png\" \/>\n<meta name=\"twitter:card\" content=\"summary_large_image\" \/>\n<script type=\"application\/ld+json\" class=\"yoast-schema-graph\">{\"@context\":\"https:\/\/schema.org\",\"@graph\":[{\"@type\":\"WebPage\",\"@id\":\"https:\/\/www.nkrotadanismanlik.com.tr\/?page_id=27\",\"url\":\"https:\/\/www.nkrotadanismanlik.com.tr\/?page_id=27\",\"name\":\"\u00c7\u00f6z\u00fcmlerimiz - NK Rota Dan\u0131\u015fmanl\u0131k\",\"isPartOf\":{\"@id\":\"https:\/\/www.nkrotadanismanlik.com.tr\/#website\"},\"datePublished\":\"2022-08-29T08:43:43+00:00\",\"dateModified\":\"2022-08-29T09:35:36+00:00\",\"breadcrumb\":{\"@id\":\"https:\/\/www.nkrotadanismanlik.com.tr\/?page_id=27#breadcrumb\"},\"inLanguage\":\"tr\",\"potentialAction\":[{\"@type\":\"ReadAction\",\"target\":[\"https:\/\/www.nkrotadanismanlik.com.tr\/?page_id=27\"]}]},{\"@type\":\"BreadcrumbList\",\"@id\":\"https:\/\/www.nkrotadanismanlik.com.tr\/?page_id=27#breadcrumb\",\"itemListElement\":[{\"@type\":\"ListItem\",\"position\":1,\"name\":\"Anasayfa\",\"item\":\"https:\/\/www.nkrotadanismanlik.com.tr\/\"},{\"@type\":\"ListItem\",\"position\":2,\"name\":\"\u00c7\u00f6z\u00fcmlerimiz\"}]},{\"@type\":\"WebSite\",\"@id\":\"https:\/\/www.nkrotadanismanlik.com.tr\/#website\",\"url\":\"https:\/\/www.nkrotadanismanlik.com.tr\/\",\"name\":\"NK Rota Dan\u0131\u015fmanl\u0131k\",\"description\":\"Sizin \u0130\u00e7in En Do\u011fru ROTA\",\"publisher\":{\"@id\":\"https:\/\/www.nkrotadanismanlik.com.tr\/#organization\"},\"potentialAction\":[{\"@type\":\"SearchAction\",\"target\":{\"@type\":\"EntryPoint\",\"urlTemplate\":\"https:\/\/www.nkrotadanismanlik.com.tr\/?s={search_term_string}\"},\"query-input\":\"required name=search_term_string\"}],\"inLanguage\":\"tr\"},{\"@type\":\"Organization\",\"@id\":\"https:\/\/www.nkrotadanismanlik.com.tr\/#organization\",\"name\":\"NK Rota Dan\u0131\u015fmanl\u0131k\",\"url\":\"https:\/\/www.nkrotadanismanlik.com.tr\/\",\"logo\":{\"@type\":\"ImageObject\",\"inLanguage\":\"tr\",\"@id\":\"https:\/\/www.nkrotadanismanlik.com.tr\/#\/schema\/logo\/image\/\",\"url\":\"https:\/\/www.nkrotadanismanlik.com.tr\/wp-content\/uploads\/2022\/08\/cropped-Defi-Finance-Logo-7-yazisisz.png\",\"contentUrl\":\"https:\/\/www.nkrotadanismanlik.com.tr\/wp-content\/uploads\/2022\/08\/cropped-Defi-Finance-Logo-7-yazisisz.png\",\"width\":129,\"height\":125,\"caption\":\"NK Rota Dan\u0131\u015fmanl\u0131k\"},\"image\":{\"@id\":\"https:\/\/www.nkrotadanismanlik.com.tr\/#\/schema\/logo\/image\/\"}}]}<\/script>\n<!-- \/ Yoast SEO plugin. -->","yoast_head_json":{"title":"\u00c7\u00f6z\u00fcmlerimiz - NK Rota Dan\u0131\u015fmanl\u0131k","robots":{"index":"index","follow":"follow","max-snippet":"max-snippet:-1","max-image-preview":"max-image-preview:large","max-video-preview":"max-video-preview:-1"},"canonical":"https:\/\/www.nkrotadanismanlik.com.tr\/?page_id=27","og_locale":"tr_TR","og_type":"article","og_title":"\u00c7\u00f6z\u00fcmlerimiz - NK Rota Dan\u0131\u015fmanl\u0131k","og_description":"Ar-Ge Merkezi Dan\u0131\u015fmanl\u0131\u011f\u0131 Tasar\u0131m Merkezi Dan\u0131\u015fmanl\u0131\u011f\u0131 Teknopark Dan\u0131\u015fmanl\u0131\u011f\u0131 T\u00dcB\u0130TAK Destekleri KOSGEB Destekleri \u0130hracat Destekleri Kalk\u0131nma Ajans\u0131 Destekleri Turquality Destekleri Yat\u0131r\u0131m Te\u015fvik Belgesi Tar\u0131m Bakanl\u0131\u011f\u0131 Destekleri TKDK Destekleri SGK Destekleri T\u00fcrk Eximbank Destekleri T\u00fcrkiye Kalk\u0131nma ve Yat\u0131r\u0131m Bankas\u0131 Destekleri Ticaret Bakanl\u0131\u011f\u0131 Destekleri Sanayi Bakanl\u0131\u011f\u0131 Destekleri Ula\u015ft\u0131rma ve Altyap\u0131 Bakanl\u0131\u011f\u0131 Destekleri AB Destekleri D\u00fcnya Bankas\u0131 Destekleri ve &hellip; \u00c7\u00f6z\u00fcmlerimiz Devam\u0131 &raquo;","og_url":"https:\/\/www.nkrotadanismanlik.com.tr\/?page_id=27","og_site_name":"NK Rota Dan\u0131\u015fmanl\u0131k","article_modified_time":"2022-08-29T09:35:36+00:00","og_image":[{"url":"https:\/\/www.nkrotadanismanlik.com.tr\/wp-content\/uploads\/2022\/08\/res1.png"}],"twitter_card":"summary_large_image","schema":{"@context":"https:\/\/schema.org","@graph":[{"@type":"WebPage","@id":"https:\/\/www.nkrotadanismanlik.com.tr\/?page_id=27","url":"https:\/\/www.nkrotadanismanlik.com.tr\/?page_id=27","name":"\u00c7\u00f6z\u00fcmlerimiz - NK Rota Dan\u0131\u015fmanl\u0131k","isPartOf":{"@id":"https:\/\/www.nkrotadanismanlik.com.tr\/#website"},"datePublished":"2022-08-29T08:43:43+00:00","dateModified":"2022-08-29T09:35:36+00:00","breadcrumb":{"@id":"https:\/\/www.nkrotadanismanlik.com.tr\/?page_id=27#breadcrumb"},"inLanguage":"tr","potentialAction":[{"@type":"ReadAction","target":["https:\/\/www.nkrotadanismanlik.com.tr\/?page_id=27"]}]},{"@type":"BreadcrumbList","@id":"https:\/\/www.nkrotadanismanlik.com.tr\/?page_id=27#breadcrumb","itemListElement":[{"@type":"ListItem","position":1,"name":"Anasayfa","item":"https:\/\/www.nkrotadanismanlik.com.tr\/"},{"@type":"ListItem","position":2,"name":"\u00c7\u00f6z\u00fcmlerimiz"}]},{"@type":"WebSite","@id":"https:\/\/www.nkrotadanismanlik.com.tr\/#website","url":"https:\/\/www.nkrotadanismanlik.com.tr\/","name":"NK Rota Dan\u0131\u015fmanl\u0131k","description":"Sizin \u0130\u00e7in En Do\u011fru ROTA","publisher":{"@id":"https:\/\/www.nkrotadanismanlik.com.tr\/#organization"},"potentialAction":[{"@type":"SearchAction","target":{"@type":"EntryPoint","urlTemplate":"https:\/\/www.nkrotadanismanlik.com.tr\/?s={search_term_string}"},"query-input":"required name=search_term_string"}],"inLanguage":"tr"},{"@type":"Organization","@id":"https:\/\/www.nkrotadanismanlik.com.tr\/#organization","name":"NK Rota Dan\u0131\u015fmanl\u0131k","url":"https:\/\/www.nkrotadanismanlik.com.tr\/","logo":{"@type":"ImageObject","inLanguage":"tr","@id":"https:\/\/www.nkrotadanismanlik.com.tr\/#\/schema\/logo\/image\/","url":"https:\/\/www.nkrotadanismanlik.com.tr\/wp-content\/uploads\/2022\/08\/cropped-Defi-Finance-Logo-7-yazisisz.png","contentUrl":"https:\/\/www.nkrotadanismanlik.com.tr\/wp-content\/uploads\/2022\/08\/cropped-Defi-Finance-Logo-7-yazisisz.png","width":129,"height":125,"caption":"NK Rota Dan\u0131\u015fmanl\u0131k"},"image":{"@id":"https:\/\/www.nkrotadanismanlik.com.tr\/#\/schema\/logo\/image\/"}}]}},"_links":{"self":[{"href":"https:\/\/www.nkrotadanismanlik.com.tr\/index.php?rest_route=\/wp\/v2\/pages\/27","targetHints":{"allow":["GET"]}}],"collection":[{"href":"https:\/\/www.nkrotadanismanlik.com.tr\/index.php?rest_route=\/wp\/v2\/pages"}],"about":[{"href":"https:\/\/www.nkrotadanismanlik.com.tr\/index.php?rest_route=\/wp\/v2\/types\/page"}],"author":[{"embeddable":true,"href":"https:\/\/www.nkrotadanismanlik.com.tr\/index.php?rest_route=\/wp\/v2\/users\/1"}],"replies":[{"embeddable":true,"href":"https:\/\/www.nkrotadanismanlik.com.tr\/index.php?rest_route=%2Fwp%2Fv2%2Fcomments&post=27"}],"version-history":[{"count":6,"href":"https:\/\/www.nkrotadanismanlik.com.tr\/index.php?rest_route=\/wp\/v2\/pages\/27\/revisions"}],"predecessor-version":[{"id":69,"href":"https:\/\/www.nkrotadanismanlik.com.tr\/index.php?rest_route=\/wp\/v2\/pages\/27\/revisions\/69"}],"wp:attachment":[{"href":"https:\/\/www.nkrotadanismanlik.com.tr\/index.php?rest_route=%2Fwp%2Fv2%2Fmedia&parent=27"}],"curies":[{"name":"wp","href":"https:\/\/api.w.org\/{rel}","templated":true}]}}