{"id":194,"date":"2022-10-05T12:30:59","date_gmt":"2022-10-05T09:30:59","guid":{"rendered":"https:\/\/www.nkrotadanismanlik.com.tr\/?page_id=194"},"modified":"2022-10-05T12:46:32","modified_gmt":"2022-10-05T09:46:32","slug":"sgk-destekleri","status":"publish","type":"page","link":"https:\/\/www.nkrotadanismanlik.com.tr\/?page_id=194","title":{"rendered":"SGK Destekleri"},"content":{"rendered":"\t\t<div data-elementor-type=\"wp-page\" data-elementor-id=\"194\" class=\"elementor elementor-194\">\n\t\t\t\t\t\t\t\t\t<section class=\"elementor-section elementor-top-section elementor-element elementor-element-80447ad elementor-section-boxed elementor-section-height-default elementor-section-height-default\" data-id=\"80447ad\" data-element_type=\"section\">\n\t\t\t\t\t\t<div class=\"elementor-container elementor-column-gap-default\">\n\t\t\t\t\t<div class=\"elementor-column elementor-col-100 elementor-top-column elementor-element elementor-element-bcff46b\" data-id=\"bcff46b\" data-element_type=\"column\">\n\t\t\t<div class=\"elementor-widget-wrap elementor-element-populated\">\n\t\t\t\t\t\t\t\t<section class=\"elementor-section elementor-inner-section elementor-element elementor-element-35e37f1 elementor-section-boxed elementor-section-height-default elementor-section-height-default\" data-id=\"35e37f1\" data-element_type=\"section\">\n\t\t\t\t\t\t<div class=\"elementor-container elementor-column-gap-default\">\n\t\t\t\t\t<div class=\"elementor-column elementor-col-50 elementor-inner-column elementor-element elementor-element-ced6ddf\" data-id=\"ced6ddf\" data-element_type=\"column\">\n\t\t\t<div class=\"elementor-widget-wrap elementor-element-populated\">\n\t\t\t\t\t\t\t\t<div class=\"elementor-element elementor-element-4bf3c25 elementor-widget elementor-widget-image\" data-id=\"4bf3c25\" data-element_type=\"widget\" data-widget_type=\"image.default\">\n\t\t\t\t<div class=\"elementor-widget-container\">\n\t\t\t<style>\/*! elementor - v3.8.1 - 13-11-2022 *\/\n.elementor-widget-image{text-align:center}.elementor-widget-image a{display:inline-block}.elementor-widget-image a img[src$=\".svg\"]{width:48px}.elementor-widget-image img{vertical-align:middle;display:inline-block}<\/style>\t\t\t\t\t\t\t\t\t\t\t\t<img loading=\"lazy\" decoding=\"async\" width=\"260\" height=\"189\" src=\"https:\/\/www.nkrotadanismanlik.com.tr\/wp-content\/uploads\/2022\/10\/sgk.png\" class=\"attachment-large size-large\" alt=\"\" \/>\t\t\t\t\t\t\t\t\t\t\t\t\t\t\t<\/div>\n\t\t\t\t<\/div>\n\t\t\t\t\t<\/div>\n\t\t<\/div>\n\t\t\t\t<div class=\"elementor-column elementor-col-50 elementor-inner-column elementor-element elementor-element-f07349f\" data-id=\"f07349f\" data-element_type=\"column\">\n\t\t\t<div class=\"elementor-widget-wrap elementor-element-populated\">\n\t\t\t\t\t\t\t\t<div class=\"elementor-element elementor-element-610f4aa elementor-widget elementor-widget-text-editor\" data-id=\"610f4aa\" data-element_type=\"widget\" data-widget_type=\"text-editor.default\">\n\t\t\t\t<div class=\"elementor-widget-container\">\n\t\t\t<style>\/*! elementor - v3.8.1 - 13-11-2022 *\/\n.elementor-widget-text-editor.elementor-drop-cap-view-stacked .elementor-drop-cap{background-color:#818a91;color:#fff}.elementor-widget-text-editor.elementor-drop-cap-view-framed .elementor-drop-cap{color:#818a91;border:3px solid;background-color:transparent}.elementor-widget-text-editor:not(.elementor-drop-cap-view-default) .elementor-drop-cap{margin-top:8px}.elementor-widget-text-editor:not(.elementor-drop-cap-view-default) .elementor-drop-cap-letter{width:1em;height:1em}.elementor-widget-text-editor .elementor-drop-cap{float:left;text-align:center;line-height:1;font-size:50px}.elementor-widget-text-editor .elementor-drop-cap-letter{display:inline-block}<\/style>\t\t\t\t<p><strong>\u00a0 \u00a0 \u00a0 \u00a0 \u00a0 \u00a0SGK Destekleri<\/strong><\/p><ul><li>\u0130\u015fletmenin personel durumunun analizi ger\u00e7ekle\u015ftirilir.<\/li><li>Personellerin 6111,7103,14857,7252,7256 kanunlar\u0131ndan hangisi kapsam\u0131nda destek alabilece\u011fi belirlenir.<\/li><li>\u0130\u015fletmenin ge\u00e7mi\u015fte kullan\u0131lmam\u0131\u015f haklar\u0131ndan kaynakl\u0131 kay\u0131plar\u0131n\u0131n iadesini al\u0131n\u0131r.<\/li><li>Ayl\u0131k d\u00fczenli olarak SGK bildirimleri \u00f6ncesi te\u015fvikten yararlanabilecek personellerin ilgili kanun maddesine g\u00f6re te\u015fvikli primi hesaplan\u0131r.<\/li><\/ul>\t\t\t\t\t\t<\/div>\n\t\t\t\t<\/div>\n\t\t\t\t\t<\/div>\n\t\t<\/div>\n\t\t\t\t\t\t\t<\/div>\n\t\t<\/section>\n\t\t\t\t\t<\/div>\n\t\t<\/div>\n\t\t\t\t\t\t\t<\/div>\n\t\t<\/section>\n\t\t\t\t\t\t\t<\/div>\n\t\t","protected":false},"excerpt":{"rendered":"<p>\u00a0 \u00a0 \u00a0 \u00a0 \u00a0 \u00a0SGK Destekleri \u0130\u015fletmenin personel durumunun analizi ger\u00e7ekle\u015ftirilir. Personellerin 6111,7103,14857,7252,7256 kanunlar\u0131ndan hangisi kapsam\u0131nda destek alabilece\u011fi belirlenir. \u0130\u015fletmenin ge\u00e7mi\u015fte kullan\u0131lmam\u0131\u015f haklar\u0131ndan kaynakl\u0131 kay\u0131plar\u0131n\u0131n iadesini al\u0131n\u0131r. Ayl\u0131k d\u00fczenli olarak SGK bildirimleri \u00f6ncesi te\u015fvikten yararlanabilecek personellerin ilgili kanun maddesine g\u00f6re te\u015fvikli primi hesaplan\u0131r.<\/p>\n","protected":false},"author":1,"featured_media":0,"parent":0,"menu_order":0,"comment_status":"closed","ping_status":"closed","template":"","meta":{"site-sidebar-layout":"no-sidebar","site-content-layout":"page-builder","ast-global-header-display":"","ast-main-header-display":"","ast-hfb-above-header-display":"","ast-hfb-below-header-display":"","ast-hfb-mobile-header-display":"","site-post-title":"disabled","ast-breadcrumbs-content":"","ast-featured-img":"disabled","footer-sml-layout":"","theme-transparent-header-meta":"","adv-header-id-meta":"","stick-header-meta":"","header-above-stick-meta":"","header-main-stick-meta":"","header-below-stick-meta":"","footnotes":""},"class_list":["post-194","page","type-page","status-publish","hentry"],"yoast_head":"<!-- This site is optimized with the Yoast SEO plugin v19.10 - https:\/\/yoast.com\/wordpress\/plugins\/seo\/ -->\n<title>SGK Destekleri - NK Rota Dan\u0131\u015fmanl\u0131k<\/title>\n<meta name=\"robots\" content=\"index, follow, max-snippet:-1, max-image-preview:large, max-video-preview:-1\" \/>\n<link rel=\"canonical\" href=\"https:\/\/www.nkrotadanismanlik.com.tr\/?page_id=194\" \/>\n<meta property=\"og:locale\" content=\"tr_TR\" \/>\n<meta property=\"og:type\" content=\"article\" \/>\n<meta property=\"og:title\" content=\"SGK Destekleri - NK Rota Dan\u0131\u015fmanl\u0131k\" \/>\n<meta property=\"og:description\" content=\"\u00a0 \u00a0 \u00a0 \u00a0 \u00a0 \u00a0SGK Destekleri \u0130\u015fletmenin personel durumunun analizi ger\u00e7ekle\u015ftirilir. Personellerin 6111,7103,14857,7252,7256 kanunlar\u0131ndan hangisi kapsam\u0131nda destek alabilece\u011fi belirlenir. \u0130\u015fletmenin ge\u00e7mi\u015fte kullan\u0131lmam\u0131\u015f haklar\u0131ndan kaynakl\u0131 kay\u0131plar\u0131n\u0131n iadesini al\u0131n\u0131r. Ayl\u0131k d\u00fczenli olarak SGK bildirimleri \u00f6ncesi te\u015fvikten yararlanabilecek personellerin ilgili kanun maddesine g\u00f6re te\u015fvikli primi hesaplan\u0131r.\" \/>\n<meta property=\"og:url\" content=\"https:\/\/www.nkrotadanismanlik.com.tr\/?page_id=194\" \/>\n<meta property=\"og:site_name\" content=\"NK Rota Dan\u0131\u015fmanl\u0131k\" \/>\n<meta property=\"article:modified_time\" content=\"2022-10-05T09:46:32+00:00\" \/>\n<meta property=\"og:image\" content=\"https:\/\/www.nkrotadanismanlik.com.tr\/wp-content\/uploads\/2022\/10\/sgk.png\" \/>\n<meta name=\"twitter:card\" content=\"summary_large_image\" \/>\n<meta name=\"twitter:label1\" content=\"Tahmini okuma s\u00fcresi\" \/>\n\t<meta name=\"twitter:data1\" content=\"1 dakika\" \/>\n<script type=\"application\/ld+json\" class=\"yoast-schema-graph\">{\"@context\":\"https:\/\/schema.org\",\"@graph\":[{\"@type\":\"WebPage\",\"@id\":\"https:\/\/www.nkrotadanismanlik.com.tr\/?page_id=194\",\"url\":\"https:\/\/www.nkrotadanismanlik.com.tr\/?page_id=194\",\"name\":\"SGK Destekleri - NK Rota Dan\u0131\u015fmanl\u0131k\",\"isPartOf\":{\"@id\":\"https:\/\/www.nkrotadanismanlik.com.tr\/#website\"},\"datePublished\":\"2022-10-05T09:30:59+00:00\",\"dateModified\":\"2022-10-05T09:46:32+00:00\",\"breadcrumb\":{\"@id\":\"https:\/\/www.nkrotadanismanlik.com.tr\/?page_id=194#breadcrumb\"},\"inLanguage\":\"tr\",\"potentialAction\":[{\"@type\":\"ReadAction\",\"target\":[\"https:\/\/www.nkrotadanismanlik.com.tr\/?page_id=194\"]}]},{\"@type\":\"BreadcrumbList\",\"@id\":\"https:\/\/www.nkrotadanismanlik.com.tr\/?page_id=194#breadcrumb\",\"itemListElement\":[{\"@type\":\"ListItem\",\"position\":1,\"name\":\"Anasayfa\",\"item\":\"https:\/\/www.nkrotadanismanlik.com.tr\/\"},{\"@type\":\"ListItem\",\"position\":2,\"name\":\"SGK Destekleri\"}]},{\"@type\":\"WebSite\",\"@id\":\"https:\/\/www.nkrotadanismanlik.com.tr\/#website\",\"url\":\"https:\/\/www.nkrotadanismanlik.com.tr\/\",\"name\":\"NK Rota Dan\u0131\u015fmanl\u0131k\",\"description\":\"Sizin \u0130\u00e7in En Do\u011fru ROTA\",\"publisher\":{\"@id\":\"https:\/\/www.nkrotadanismanlik.com.tr\/#organization\"},\"potentialAction\":[{\"@type\":\"SearchAction\",\"target\":{\"@type\":\"EntryPoint\",\"urlTemplate\":\"https:\/\/www.nkrotadanismanlik.com.tr\/?s={search_term_string}\"},\"query-input\":\"required name=search_term_string\"}],\"inLanguage\":\"tr\"},{\"@type\":\"Organization\",\"@id\":\"https:\/\/www.nkrotadanismanlik.com.tr\/#organization\",\"name\":\"NK Rota Dan\u0131\u015fmanl\u0131k\",\"url\":\"https:\/\/www.nkrotadanismanlik.com.tr\/\",\"logo\":{\"@type\":\"ImageObject\",\"inLanguage\":\"tr\",\"@id\":\"https:\/\/www.nkrotadanismanlik.com.tr\/#\/schema\/logo\/image\/\",\"url\":\"https:\/\/www.nkrotadanismanlik.com.tr\/wp-content\/uploads\/2022\/08\/cropped-Defi-Finance-Logo-7-yazisisz.png\",\"contentUrl\":\"https:\/\/www.nkrotadanismanlik.com.tr\/wp-content\/uploads\/2022\/08\/cropped-Defi-Finance-Logo-7-yazisisz.png\",\"width\":129,\"height\":125,\"caption\":\"NK Rota Dan\u0131\u015fmanl\u0131k\"},\"image\":{\"@id\":\"https:\/\/www.nkrotadanismanlik.com.tr\/#\/schema\/logo\/image\/\"}}]}<\/script>\n<!-- \/ Yoast SEO plugin. -->","yoast_head_json":{"title":"SGK Destekleri - NK Rota Dan\u0131\u015fmanl\u0131k","robots":{"index":"index","follow":"follow","max-snippet":"max-snippet:-1","max-image-preview":"max-image-preview:large","max-video-preview":"max-video-preview:-1"},"canonical":"https:\/\/www.nkrotadanismanlik.com.tr\/?page_id=194","og_locale":"tr_TR","og_type":"article","og_title":"SGK Destekleri - NK Rota Dan\u0131\u015fmanl\u0131k","og_description":"\u00a0 \u00a0 \u00a0 \u00a0 \u00a0 \u00a0SGK Destekleri \u0130\u015fletmenin personel durumunun analizi ger\u00e7ekle\u015ftirilir. Personellerin 6111,7103,14857,7252,7256 kanunlar\u0131ndan hangisi kapsam\u0131nda destek alabilece\u011fi belirlenir. \u0130\u015fletmenin ge\u00e7mi\u015fte kullan\u0131lmam\u0131\u015f haklar\u0131ndan kaynakl\u0131 kay\u0131plar\u0131n\u0131n iadesini al\u0131n\u0131r. Ayl\u0131k d\u00fczenli olarak SGK bildirimleri \u00f6ncesi te\u015fvikten yararlanabilecek personellerin ilgili kanun maddesine g\u00f6re te\u015fvikli primi hesaplan\u0131r.","og_url":"https:\/\/www.nkrotadanismanlik.com.tr\/?page_id=194","og_site_name":"NK Rota Dan\u0131\u015fmanl\u0131k","article_modified_time":"2022-10-05T09:46:32+00:00","og_image":[{"url":"https:\/\/www.nkrotadanismanlik.com.tr\/wp-content\/uploads\/2022\/10\/sgk.png"}],"twitter_card":"summary_large_image","twitter_misc":{"Tahmini okuma s\u00fcresi":"1 dakika"},"schema":{"@context":"https:\/\/schema.org","@graph":[{"@type":"WebPage","@id":"https:\/\/www.nkrotadanismanlik.com.tr\/?page_id=194","url":"https:\/\/www.nkrotadanismanlik.com.tr\/?page_id=194","name":"SGK Destekleri - NK Rota Dan\u0131\u015fmanl\u0131k","isPartOf":{"@id":"https:\/\/www.nkrotadanismanlik.com.tr\/#website"},"datePublished":"2022-10-05T09:30:59+00:00","dateModified":"2022-10-05T09:46:32+00:00","breadcrumb":{"@id":"https:\/\/www.nkrotadanismanlik.com.tr\/?page_id=194#breadcrumb"},"inLanguage":"tr","potentialAction":[{"@type":"ReadAction","target":["https:\/\/www.nkrotadanismanlik.com.tr\/?page_id=194"]}]},{"@type":"BreadcrumbList","@id":"https:\/\/www.nkrotadanismanlik.com.tr\/?page_id=194#breadcrumb","itemListElement":[{"@type":"ListItem","position":1,"name":"Anasayfa","item":"https:\/\/www.nkrotadanismanlik.com.tr\/"},{"@type":"ListItem","position":2,"name":"SGK Destekleri"}]},{"@type":"WebSite","@id":"https:\/\/www.nkrotadanismanlik.com.tr\/#website","url":"https:\/\/www.nkrotadanismanlik.com.tr\/","name":"NK Rota Dan\u0131\u015fmanl\u0131k","description":"Sizin \u0130\u00e7in En Do\u011fru ROTA","publisher":{"@id":"https:\/\/www.nkrotadanismanlik.com.tr\/#organization"},"potentialAction":[{"@type":"SearchAction","target":{"@type":"EntryPoint","urlTemplate":"https:\/\/www.nkrotadanismanlik.com.tr\/?s={search_term_string}"},"query-input":"required name=search_term_string"}],"inLanguage":"tr"},{"@type":"Organization","@id":"https:\/\/www.nkrotadanismanlik.com.tr\/#organization","name":"NK Rota Dan\u0131\u015fmanl\u0131k","url":"https:\/\/www.nkrotadanismanlik.com.tr\/","logo":{"@type":"ImageObject","inLanguage":"tr","@id":"https:\/\/www.nkrotadanismanlik.com.tr\/#\/schema\/logo\/image\/","url":"https:\/\/www.nkrotadanismanlik.com.tr\/wp-content\/uploads\/2022\/08\/cropped-Defi-Finance-Logo-7-yazisisz.png","contentUrl":"https:\/\/www.nkrotadanismanlik.com.tr\/wp-content\/uploads\/2022\/08\/cropped-Defi-Finance-Logo-7-yazisisz.png","width":129,"height":125,"caption":"NK Rota Dan\u0131\u015fmanl\u0131k"},"image":{"@id":"https:\/\/www.nkrotadanismanlik.com.tr\/#\/schema\/logo\/image\/"}}]}},"_links":{"self":[{"href":"https:\/\/www.nkrotadanismanlik.com.tr\/index.php?rest_route=\/wp\/v2\/pages\/194","targetHints":{"allow":["GET"]}}],"collection":[{"href":"https:\/\/www.nkrotadanismanlik.com.tr\/index.php?rest_route=\/wp\/v2\/pages"}],"about":[{"href":"https:\/\/www.nkrotadanismanlik.com.tr\/index.php?rest_route=\/wp\/v2\/types\/page"}],"author":[{"embeddable":true,"href":"https:\/\/www.nkrotadanismanlik.com.tr\/index.php?rest_route=\/wp\/v2\/users\/1"}],"replies":[{"embeddable":true,"href":"https:\/\/www.nkrotadanismanlik.com.tr\/index.php?rest_route=%2Fwp%2Fv2%2Fcomments&post=194"}],"version-history":[{"count":7,"href":"https:\/\/www.nkrotadanismanlik.com.tr\/index.php?rest_route=\/wp\/v2\/pages\/194\/revisions"}],"predecessor-version":[{"id":208,"href":"https:\/\/www.nkrotadanismanlik.com.tr\/index.php?rest_route=\/wp\/v2\/pages\/194\/revisions\/208"}],"wp:attachment":[{"href":"https:\/\/www.nkrotadanismanlik.com.tr\/index.php?rest_route=%2Fwp%2Fv2%2Fmedia&parent=194"}],"curies":[{"name":"wp","href":"https:\/\/api.w.org\/{rel}","templated":true}]}}