{"id":186,"date":"2022-10-05T12:22:45","date_gmt":"2022-10-05T09:22:45","guid":{"rendered":"https:\/\/www.nkrotadanismanlik.com.tr\/?page_id=186"},"modified":"2022-10-05T12:44:39","modified_gmt":"2022-10-05T09:44:39","slug":"yatirim-tesvik-belgesi","status":"publish","type":"page","link":"https:\/\/www.nkrotadanismanlik.com.tr\/?page_id=186","title":{"rendered":"Yat\u0131r\u0131m Te\u015fvik Belgesi"},"content":{"rendered":"\t\t<div data-elementor-type=\"wp-page\" data-elementor-id=\"186\" class=\"elementor elementor-186\">\n\t\t\t\t\t\t\t\t\t<section class=\"elementor-section elementor-top-section elementor-element elementor-element-29446b3 elementor-section-boxed elementor-section-height-default elementor-section-height-default\" data-id=\"29446b3\" data-element_type=\"section\">\n\t\t\t\t\t\t<div class=\"elementor-container elementor-column-gap-default\">\n\t\t\t\t\t<div class=\"elementor-column elementor-col-100 elementor-top-column elementor-element elementor-element-aab8714\" data-id=\"aab8714\" data-element_type=\"column\">\n\t\t\t<div class=\"elementor-widget-wrap elementor-element-populated\">\n\t\t\t\t\t\t\t\t<section class=\"elementor-section elementor-inner-section elementor-element elementor-element-9645e50 elementor-section-boxed elementor-section-height-default elementor-section-height-default\" data-id=\"9645e50\" data-element_type=\"section\">\n\t\t\t\t\t\t<div class=\"elementor-container elementor-column-gap-default\">\n\t\t\t\t\t<div class=\"elementor-column elementor-col-50 elementor-inner-column elementor-element elementor-element-9912eeb\" data-id=\"9912eeb\" data-element_type=\"column\">\n\t\t\t<div class=\"elementor-widget-wrap elementor-element-populated\">\n\t\t\t\t\t\t\t\t<div class=\"elementor-element elementor-element-70cdf44 elementor-widget elementor-widget-image\" data-id=\"70cdf44\" data-element_type=\"widget\" data-widget_type=\"image.default\">\n\t\t\t\t<div class=\"elementor-widget-container\">\n\t\t\t<style>\/*! elementor - v3.8.1 - 13-11-2022 *\/\n.elementor-widget-image{text-align:center}.elementor-widget-image a{display:inline-block}.elementor-widget-image a img[src$=\".svg\"]{width:48px}.elementor-widget-image img{vertical-align:middle;display:inline-block}<\/style>\t\t\t\t\t\t\t\t\t\t\t\t<img loading=\"lazy\" decoding=\"async\" width=\"1024\" height=\"473\" src=\"https:\/\/www.nkrotadanismanlik.com.tr\/wp-content\/uploads\/2022\/10\/Ekran-yatirim-1024x473.png\" class=\"attachment-large size-large\" alt=\"\" srcset=\"https:\/\/www.nkrotadanismanlik.com.tr\/wp-content\/uploads\/2022\/10\/Ekran-yatirim-1024x473.png 1024w, https:\/\/www.nkrotadanismanlik.com.tr\/wp-content\/uploads\/2022\/10\/Ekran-yatirim-300x139.png 300w, https:\/\/www.nkrotadanismanlik.com.tr\/wp-content\/uploads\/2022\/10\/Ekran-yatirim-768x355.png 768w, https:\/\/www.nkrotadanismanlik.com.tr\/wp-content\/uploads\/2022\/10\/Ekran-yatirim.png 1089w\" sizes=\"auto, (max-width: 1024px) 100vw, 1024px\" \/>\t\t\t\t\t\t\t\t\t\t\t\t\t\t\t<\/div>\n\t\t\t\t<\/div>\n\t\t\t\t\t<\/div>\n\t\t<\/div>\n\t\t\t\t<div class=\"elementor-column elementor-col-50 elementor-inner-column elementor-element elementor-element-81827e0\" data-id=\"81827e0\" data-element_type=\"column\">\n\t\t\t<div class=\"elementor-widget-wrap elementor-element-populated\">\n\t\t\t\t\t\t\t\t<div class=\"elementor-element elementor-element-c7dc632 elementor-invisible elementor-widget elementor-widget-text-editor\" data-id=\"c7dc632\" data-element_type=\"widget\" data-settings=\"{&quot;_animation&quot;:&quot;zoomIn&quot;}\" data-widget_type=\"text-editor.default\">\n\t\t\t\t<div class=\"elementor-widget-container\">\n\t\t\t<style>\/*! elementor - v3.8.1 - 13-11-2022 *\/\n.elementor-widget-text-editor.elementor-drop-cap-view-stacked .elementor-drop-cap{background-color:#818a91;color:#fff}.elementor-widget-text-editor.elementor-drop-cap-view-framed .elementor-drop-cap{color:#818a91;border:3px solid;background-color:transparent}.elementor-widget-text-editor:not(.elementor-drop-cap-view-default) .elementor-drop-cap{margin-top:8px}.elementor-widget-text-editor:not(.elementor-drop-cap-view-default) .elementor-drop-cap-letter{width:1em;height:1em}.elementor-widget-text-editor .elementor-drop-cap{float:left;text-align:center;line-height:1;font-size:50px}.elementor-widget-text-editor .elementor-drop-cap-letter{display:inline-block}<\/style>\t\t\t\t<p><strong>\u00a0 \u00a0 \u00a0 \u00a0 \u00a0 \u00a0Yat\u0131r\u0131m Te\u015fvik Belgesi<\/strong><\/p><ul><li>\u0130\u015fletmenin faaliyeti ve bulundu\u011fu b\u00f6lge dikkate al\u0131narak YTB kapsam\u0131ndaki kazan\u0131mlar\u0131 net bir \u015fekilde ortaya \u00e7\u0131kar\u0131l\u0131r.<\/li><li>Belge ba\u015fvurusu i\u00e7in gerekli proje haz\u0131rl\u0131k \u00e7al\u0131\u015fmalar\u0131 yap\u0131l\u0131r.<\/li><li>ETUYS \u00fczerinden mevzuata uygun bi\u00e7imde ba\u015fvurunun ger\u00e7ekle\u015ftirilmesi ve belgenin al\u0131nmas\u0131 sa\u011flan\u0131r.<\/li><li>Harcamalar\u0131n mevzuata uygun bi\u00e7imde ger\u00e7ekle\u015ftirilmesi ve faturaland\u0131r\u0131lmas\u0131 sa\u011flan\u0131r.<\/li><li>\u0130\u015fletme ad\u0131na vergi dairesinden KDV istisna yaz\u0131s\u0131 \u00e7\u0131kart\u0131l\u0131r.<\/li><li>Gerekli durumlarda revizyon ba\u015fvurular\u0131 yap\u0131l\u0131r.<\/li><li>\u0130\u015fletmenin belge ile hak edilmi\u015f haklar\u0131ndan tam olarak yararland\u0131r\u0131lmas\u0131 sa\u011flan\u0131r.<\/li><li>Belge kapatma i\u015flemleri ger\u00e7ekle\u015ftirilir.<\/li><\/ul>\t\t\t\t\t\t<\/div>\n\t\t\t\t<\/div>\n\t\t\t\t\t<\/div>\n\t\t<\/div>\n\t\t\t\t\t\t\t<\/div>\n\t\t<\/section>\n\t\t\t\t\t<\/div>\n\t\t<\/div>\n\t\t\t\t\t\t\t<\/div>\n\t\t<\/section>\n\t\t\t\t\t\t\t<\/div>\n\t\t","protected":false},"excerpt":{"rendered":"<p>\u00a0 \u00a0 \u00a0 \u00a0 \u00a0 \u00a0Yat\u0131r\u0131m Te\u015fvik Belgesi \u0130\u015fletmenin faaliyeti ve bulundu\u011fu b\u00f6lge dikkate al\u0131narak YTB kapsam\u0131ndaki kazan\u0131mlar\u0131 net bir \u015fekilde ortaya \u00e7\u0131kar\u0131l\u0131r. Belge ba\u015fvurusu i\u00e7in gerekli proje haz\u0131rl\u0131k \u00e7al\u0131\u015fmalar\u0131 yap\u0131l\u0131r. ETUYS \u00fczerinden mevzuata uygun bi\u00e7imde ba\u015fvurunun ger\u00e7ekle\u015ftirilmesi ve belgenin al\u0131nmas\u0131 sa\u011flan\u0131r. Harcamalar\u0131n mevzuata uygun bi\u00e7imde ger\u00e7ekle\u015ftirilmesi ve faturaland\u0131r\u0131lmas\u0131 sa\u011flan\u0131r. \u0130\u015fletme ad\u0131na vergi dairesinden KDV &hellip;<\/p>\n<p class=\"read-more\"> <a class=\"\" href=\"https:\/\/www.nkrotadanismanlik.com.tr\/?page_id=186\"> <span class=\"screen-reader-text\">Yat\u0131r\u0131m Te\u015fvik Belgesi<\/span> Devam\u0131 &raquo;<\/a><\/p>\n","protected":false},"author":1,"featured_media":0,"parent":0,"menu_order":0,"comment_status":"closed","ping_status":"closed","template":"","meta":{"site-sidebar-layout":"no-sidebar","site-content-layout":"page-builder","ast-global-header-display":"","ast-main-header-display":"","ast-hfb-above-header-display":"","ast-hfb-below-header-display":"","ast-hfb-mobile-header-display":"","site-post-title":"disabled","ast-breadcrumbs-content":"","ast-featured-img":"disabled","footer-sml-layout":"","theme-transparent-header-meta":"default","adv-header-id-meta":"","stick-header-meta":"","header-above-stick-meta":"","header-main-stick-meta":"","header-below-stick-meta":"","footnotes":""},"class_list":["post-186","page","type-page","status-publish","hentry"],"yoast_head":"<!-- This site is optimized with the Yoast SEO plugin v19.10 - https:\/\/yoast.com\/wordpress\/plugins\/seo\/ -->\n<title>Yat\u0131r\u0131m Te\u015fvik Belgesi - NK Rota Dan\u0131\u015fmanl\u0131k<\/title>\n<meta name=\"robots\" content=\"index, follow, max-snippet:-1, max-image-preview:large, max-video-preview:-1\" \/>\n<link rel=\"canonical\" href=\"https:\/\/www.nkrotadanismanlik.com.tr\/?page_id=186\" \/>\n<meta property=\"og:locale\" content=\"tr_TR\" \/>\n<meta property=\"og:type\" content=\"article\" \/>\n<meta property=\"og:title\" content=\"Yat\u0131r\u0131m Te\u015fvik Belgesi - NK Rota Dan\u0131\u015fmanl\u0131k\" \/>\n<meta property=\"og:description\" content=\"\u00a0 \u00a0 \u00a0 \u00a0 \u00a0 \u00a0Yat\u0131r\u0131m Te\u015fvik Belgesi \u0130\u015fletmenin faaliyeti ve bulundu\u011fu b\u00f6lge dikkate al\u0131narak YTB kapsam\u0131ndaki kazan\u0131mlar\u0131 net bir \u015fekilde ortaya \u00e7\u0131kar\u0131l\u0131r. Belge ba\u015fvurusu i\u00e7in gerekli proje haz\u0131rl\u0131k \u00e7al\u0131\u015fmalar\u0131 yap\u0131l\u0131r. ETUYS \u00fczerinden mevzuata uygun bi\u00e7imde ba\u015fvurunun ger\u00e7ekle\u015ftirilmesi ve belgenin al\u0131nmas\u0131 sa\u011flan\u0131r. Harcamalar\u0131n mevzuata uygun bi\u00e7imde ger\u00e7ekle\u015ftirilmesi ve faturaland\u0131r\u0131lmas\u0131 sa\u011flan\u0131r. \u0130\u015fletme ad\u0131na vergi dairesinden KDV &hellip; Yat\u0131r\u0131m Te\u015fvik Belgesi Devam\u0131 &raquo;\" \/>\n<meta property=\"og:url\" content=\"https:\/\/www.nkrotadanismanlik.com.tr\/?page_id=186\" \/>\n<meta property=\"og:site_name\" content=\"NK Rota Dan\u0131\u015fmanl\u0131k\" \/>\n<meta property=\"article:modified_time\" content=\"2022-10-05T09:44:39+00:00\" \/>\n<meta property=\"og:image\" content=\"https:\/\/www.nkrotadanismanlik.com.tr\/wp-content\/uploads\/2022\/10\/Ekran-yatirim-1024x473.png\" \/>\n<meta name=\"twitter:card\" content=\"summary_large_image\" \/>\n<meta name=\"twitter:label1\" content=\"Tahmini okuma s\u00fcresi\" \/>\n\t<meta name=\"twitter:data1\" content=\"1 dakika\" \/>\n<script type=\"application\/ld+json\" class=\"yoast-schema-graph\">{\"@context\":\"https:\/\/schema.org\",\"@graph\":[{\"@type\":\"WebPage\",\"@id\":\"https:\/\/www.nkrotadanismanlik.com.tr\/?page_id=186\",\"url\":\"https:\/\/www.nkrotadanismanlik.com.tr\/?page_id=186\",\"name\":\"Yat\u0131r\u0131m Te\u015fvik Belgesi - NK Rota Dan\u0131\u015fmanl\u0131k\",\"isPartOf\":{\"@id\":\"https:\/\/www.nkrotadanismanlik.com.tr\/#website\"},\"datePublished\":\"2022-10-05T09:22:45+00:00\",\"dateModified\":\"2022-10-05T09:44:39+00:00\",\"breadcrumb\":{\"@id\":\"https:\/\/www.nkrotadanismanlik.com.tr\/?page_id=186#breadcrumb\"},\"inLanguage\":\"tr\",\"potentialAction\":[{\"@type\":\"ReadAction\",\"target\":[\"https:\/\/www.nkrotadanismanlik.com.tr\/?page_id=186\"]}]},{\"@type\":\"BreadcrumbList\",\"@id\":\"https:\/\/www.nkrotadanismanlik.com.tr\/?page_id=186#breadcrumb\",\"itemListElement\":[{\"@type\":\"ListItem\",\"position\":1,\"name\":\"Anasayfa\",\"item\":\"https:\/\/www.nkrotadanismanlik.com.tr\/\"},{\"@type\":\"ListItem\",\"position\":2,\"name\":\"Yat\u0131r\u0131m Te\u015fvik Belgesi\"}]},{\"@type\":\"WebSite\",\"@id\":\"https:\/\/www.nkrotadanismanlik.com.tr\/#website\",\"url\":\"https:\/\/www.nkrotadanismanlik.com.tr\/\",\"name\":\"NK Rota Dan\u0131\u015fmanl\u0131k\",\"description\":\"Sizin \u0130\u00e7in En Do\u011fru ROTA\",\"publisher\":{\"@id\":\"https:\/\/www.nkrotadanismanlik.com.tr\/#organization\"},\"potentialAction\":[{\"@type\":\"SearchAction\",\"target\":{\"@type\":\"EntryPoint\",\"urlTemplate\":\"https:\/\/www.nkrotadanismanlik.com.tr\/?s={search_term_string}\"},\"query-input\":\"required name=search_term_string\"}],\"inLanguage\":\"tr\"},{\"@type\":\"Organization\",\"@id\":\"https:\/\/www.nkrotadanismanlik.com.tr\/#organization\",\"name\":\"NK Rota Dan\u0131\u015fmanl\u0131k\",\"url\":\"https:\/\/www.nkrotadanismanlik.com.tr\/\",\"logo\":{\"@type\":\"ImageObject\",\"inLanguage\":\"tr\",\"@id\":\"https:\/\/www.nkrotadanismanlik.com.tr\/#\/schema\/logo\/image\/\",\"url\":\"https:\/\/www.nkrotadanismanlik.com.tr\/wp-content\/uploads\/2022\/08\/cropped-Defi-Finance-Logo-7-yazisisz.png\",\"contentUrl\":\"https:\/\/www.nkrotadanismanlik.com.tr\/wp-content\/uploads\/2022\/08\/cropped-Defi-Finance-Logo-7-yazisisz.png\",\"width\":129,\"height\":125,\"caption\":\"NK Rota Dan\u0131\u015fmanl\u0131k\"},\"image\":{\"@id\":\"https:\/\/www.nkrotadanismanlik.com.tr\/#\/schema\/logo\/image\/\"}}]}<\/script>\n<!-- \/ Yoast SEO plugin. -->","yoast_head_json":{"title":"Yat\u0131r\u0131m Te\u015fvik Belgesi - NK Rota Dan\u0131\u015fmanl\u0131k","robots":{"index":"index","follow":"follow","max-snippet":"max-snippet:-1","max-image-preview":"max-image-preview:large","max-video-preview":"max-video-preview:-1"},"canonical":"https:\/\/www.nkrotadanismanlik.com.tr\/?page_id=186","og_locale":"tr_TR","og_type":"article","og_title":"Yat\u0131r\u0131m Te\u015fvik Belgesi - NK Rota Dan\u0131\u015fmanl\u0131k","og_description":"\u00a0 \u00a0 \u00a0 \u00a0 \u00a0 \u00a0Yat\u0131r\u0131m Te\u015fvik Belgesi \u0130\u015fletmenin faaliyeti ve bulundu\u011fu b\u00f6lge dikkate al\u0131narak YTB kapsam\u0131ndaki kazan\u0131mlar\u0131 net bir \u015fekilde ortaya \u00e7\u0131kar\u0131l\u0131r. Belge ba\u015fvurusu i\u00e7in gerekli proje haz\u0131rl\u0131k \u00e7al\u0131\u015fmalar\u0131 yap\u0131l\u0131r. ETUYS \u00fczerinden mevzuata uygun bi\u00e7imde ba\u015fvurunun ger\u00e7ekle\u015ftirilmesi ve belgenin al\u0131nmas\u0131 sa\u011flan\u0131r. Harcamalar\u0131n mevzuata uygun bi\u00e7imde ger\u00e7ekle\u015ftirilmesi ve faturaland\u0131r\u0131lmas\u0131 sa\u011flan\u0131r. \u0130\u015fletme ad\u0131na vergi dairesinden KDV &hellip; Yat\u0131r\u0131m Te\u015fvik Belgesi Devam\u0131 &raquo;","og_url":"https:\/\/www.nkrotadanismanlik.com.tr\/?page_id=186","og_site_name":"NK Rota Dan\u0131\u015fmanl\u0131k","article_modified_time":"2022-10-05T09:44:39+00:00","og_image":[{"url":"https:\/\/www.nkrotadanismanlik.com.tr\/wp-content\/uploads\/2022\/10\/Ekran-yatirim-1024x473.png"}],"twitter_card":"summary_large_image","twitter_misc":{"Tahmini okuma s\u00fcresi":"1 dakika"},"schema":{"@context":"https:\/\/schema.org","@graph":[{"@type":"WebPage","@id":"https:\/\/www.nkrotadanismanlik.com.tr\/?page_id=186","url":"https:\/\/www.nkrotadanismanlik.com.tr\/?page_id=186","name":"Yat\u0131r\u0131m Te\u015fvik Belgesi - NK Rota Dan\u0131\u015fmanl\u0131k","isPartOf":{"@id":"https:\/\/www.nkrotadanismanlik.com.tr\/#website"},"datePublished":"2022-10-05T09:22:45+00:00","dateModified":"2022-10-05T09:44:39+00:00","breadcrumb":{"@id":"https:\/\/www.nkrotadanismanlik.com.tr\/?page_id=186#breadcrumb"},"inLanguage":"tr","potentialAction":[{"@type":"ReadAction","target":["https:\/\/www.nkrotadanismanlik.com.tr\/?page_id=186"]}]},{"@type":"BreadcrumbList","@id":"https:\/\/www.nkrotadanismanlik.com.tr\/?page_id=186#breadcrumb","itemListElement":[{"@type":"ListItem","position":1,"name":"Anasayfa","item":"https:\/\/www.nkrotadanismanlik.com.tr\/"},{"@type":"ListItem","position":2,"name":"Yat\u0131r\u0131m Te\u015fvik Belgesi"}]},{"@type":"WebSite","@id":"https:\/\/www.nkrotadanismanlik.com.tr\/#website","url":"https:\/\/www.nkrotadanismanlik.com.tr\/","name":"NK Rota Dan\u0131\u015fmanl\u0131k","description":"Sizin \u0130\u00e7in En Do\u011fru ROTA","publisher":{"@id":"https:\/\/www.nkrotadanismanlik.com.tr\/#organization"},"potentialAction":[{"@type":"SearchAction","target":{"@type":"EntryPoint","urlTemplate":"https:\/\/www.nkrotadanismanlik.com.tr\/?s={search_term_string}"},"query-input":"required name=search_term_string"}],"inLanguage":"tr"},{"@type":"Organization","@id":"https:\/\/www.nkrotadanismanlik.com.tr\/#organization","name":"NK Rota Dan\u0131\u015fmanl\u0131k","url":"https:\/\/www.nkrotadanismanlik.com.tr\/","logo":{"@type":"ImageObject","inLanguage":"tr","@id":"https:\/\/www.nkrotadanismanlik.com.tr\/#\/schema\/logo\/image\/","url":"https:\/\/www.nkrotadanismanlik.com.tr\/wp-content\/uploads\/2022\/08\/cropped-Defi-Finance-Logo-7-yazisisz.png","contentUrl":"https:\/\/www.nkrotadanismanlik.com.tr\/wp-content\/uploads\/2022\/08\/cropped-Defi-Finance-Logo-7-yazisisz.png","width":129,"height":125,"caption":"NK Rota Dan\u0131\u015fmanl\u0131k"},"image":{"@id":"https:\/\/www.nkrotadanismanlik.com.tr\/#\/schema\/logo\/image\/"}}]}},"_links":{"self":[{"href":"https:\/\/www.nkrotadanismanlik.com.tr\/index.php?rest_route=\/wp\/v2\/pages\/186","targetHints":{"allow":["GET"]}}],"collection":[{"href":"https:\/\/www.nkrotadanismanlik.com.tr\/index.php?rest_route=\/wp\/v2\/pages"}],"about":[{"href":"https:\/\/www.nkrotadanismanlik.com.tr\/index.php?rest_route=\/wp\/v2\/types\/page"}],"author":[{"embeddable":true,"href":"https:\/\/www.nkrotadanismanlik.com.tr\/index.php?rest_route=\/wp\/v2\/users\/1"}],"replies":[{"embeddable":true,"href":"https:\/\/www.nkrotadanismanlik.com.tr\/index.php?rest_route=%2Fwp%2Fv2%2Fcomments&post=186"}],"version-history":[{"count":7,"href":"https:\/\/www.nkrotadanismanlik.com.tr\/index.php?rest_route=\/wp\/v2\/pages\/186\/revisions"}],"predecessor-version":[{"id":204,"href":"https:\/\/www.nkrotadanismanlik.com.tr\/index.php?rest_route=\/wp\/v2\/pages\/186\/revisions\/204"}],"wp:attachment":[{"href":"https:\/\/www.nkrotadanismanlik.com.tr\/index.php?rest_route=%2Fwp%2Fv2%2Fmedia&parent=186"}],"curies":[{"name":"wp","href":"https:\/\/api.w.org\/{rel}","templated":true}]}}