{"id":123,"date":"2022-10-05T07:35:17","date_gmt":"2022-10-05T04:35:17","guid":{"rendered":"https:\/\/www.nkrotadanismanlik.com.tr\/?page_id=123"},"modified":"2022-10-05T12:17:00","modified_gmt":"2022-10-05T09:17:00","slug":"ar-ge-proje-destek-programlari","status":"publish","type":"page","link":"https:\/\/www.nkrotadanismanlik.com.tr\/?page_id=123","title":{"rendered":"Ar-Ge Proje Destek Programlar\u0131"},"content":{"rendered":"\t\t<div data-elementor-type=\"wp-page\" data-elementor-id=\"123\" class=\"elementor elementor-123\">\n\t\t\t\t\t\t\t\t\t<section class=\"elementor-section elementor-top-section elementor-element elementor-element-f15bdb4 elementor-section-boxed elementor-section-height-default elementor-section-height-default\" data-id=\"f15bdb4\" data-element_type=\"section\">\n\t\t\t\t\t\t<div class=\"elementor-container elementor-column-gap-default\">\n\t\t\t\t\t<div class=\"elementor-column elementor-col-100 elementor-top-column elementor-element elementor-element-4207b90\" data-id=\"4207b90\" data-element_type=\"column\">\n\t\t\t<div class=\"elementor-widget-wrap elementor-element-populated\">\n\t\t\t\t\t\t\t\t<section class=\"elementor-section elementor-inner-section elementor-element elementor-element-62ab414 elementor-section-boxed elementor-section-height-default elementor-section-height-default\" data-id=\"62ab414\" data-element_type=\"section\">\n\t\t\t\t\t\t<div class=\"elementor-container elementor-column-gap-default\">\n\t\t\t\t\t<div class=\"elementor-column elementor-col-50 elementor-inner-column elementor-element elementor-element-29dc359\" data-id=\"29dc359\" data-element_type=\"column\">\n\t\t\t<div class=\"elementor-widget-wrap elementor-element-populated\">\n\t\t\t\t\t\t\t\t<div class=\"elementor-element elementor-element-64a1560 elementor-widget elementor-widget-image\" data-id=\"64a1560\" data-element_type=\"widget\" data-settings=\"{&quot;_animation&quot;:&quot;none&quot;}\" data-widget_type=\"image.default\">\n\t\t\t\t<div class=\"elementor-widget-container\">\n\t\t\t<style>\/*! elementor - v3.8.1 - 13-11-2022 *\/\n.elementor-widget-image{text-align:center}.elementor-widget-image a{display:inline-block}.elementor-widget-image a img[src$=\".svg\"]{width:48px}.elementor-widget-image img{vertical-align:middle;display:inline-block}<\/style>\t\t\t\t\t\t\t\t\t\t\t\t<img loading=\"lazy\" decoding=\"async\" width=\"628\" height=\"322\" src=\"https:\/\/www.nkrotadanismanlik.com.tr\/wp-content\/uploads\/2022\/10\/arge.png\" class=\"attachment-medium_large size-medium_large\" alt=\"\" srcset=\"https:\/\/www.nkrotadanismanlik.com.tr\/wp-content\/uploads\/2022\/10\/arge.png 628w, https:\/\/www.nkrotadanismanlik.com.tr\/wp-content\/uploads\/2022\/10\/arge-300x154.png 300w\" sizes=\"auto, (max-width: 628px) 100vw, 628px\" \/>\t\t\t\t\t\t\t\t\t\t\t\t\t\t\t<\/div>\n\t\t\t\t<\/div>\n\t\t\t\t\t<\/div>\n\t\t<\/div>\n\t\t\t\t<div class=\"elementor-column elementor-col-50 elementor-inner-column elementor-element elementor-element-bf24110\" data-id=\"bf24110\" data-element_type=\"column\">\n\t\t\t<div class=\"elementor-widget-wrap elementor-element-populated\">\n\t\t\t\t\t\t\t\t<div class=\"elementor-element elementor-element-568aba9 elementor-invisible elementor-widget elementor-widget-text-editor\" data-id=\"568aba9\" data-element_type=\"widget\" data-settings=\"{&quot;_animation&quot;:&quot;zoomIn&quot;}\" data-widget_type=\"text-editor.default\">\n\t\t\t\t<div class=\"elementor-widget-container\">\n\t\t\t<style>\/*! elementor - v3.8.1 - 13-11-2022 *\/\n.elementor-widget-text-editor.elementor-drop-cap-view-stacked .elementor-drop-cap{background-color:#818a91;color:#fff}.elementor-widget-text-editor.elementor-drop-cap-view-framed .elementor-drop-cap{color:#818a91;border:3px solid;background-color:transparent}.elementor-widget-text-editor:not(.elementor-drop-cap-view-default) .elementor-drop-cap{margin-top:8px}.elementor-widget-text-editor:not(.elementor-drop-cap-view-default) .elementor-drop-cap-letter{width:1em;height:1em}.elementor-widget-text-editor .elementor-drop-cap{float:left;text-align:center;line-height:1;font-size:50px}.elementor-widget-text-editor .elementor-drop-cap-letter{display:inline-block}<\/style>\t\t\t\t<p>\u00a0 \u00a0 \u00a0 \u00a0 \u00a0 <strong>Ar-Ge Proje Destek Programlar\u0131<\/strong><\/p><ul><li>Proje fikri analiz edilerek projenin desteklenmeye uygunlu\u011fu tespit edilir.<\/li><li>\u0130\u015fletmenin ge\u00e7mi\u015f faaliyetleri, projeleri ve ilgili alanda teknolojinin mevcut durumu dikkate al\u0131narak proje fikri olgunla\u015ft\u0131r\u0131l\u0131r ve projenin reddedilme riskleri azalt\u0131l\u0131r.<\/li><li>Proje \u00f6nerisi i\u00e7in i\u015fletmenin en fazla destek alabilece\u011fi ve reddedilme riski en d\u00fc\u015f\u00fck olan destek program\u0131 belirlenir.<\/li><li>T\u00dcB\u0130TAK, KOSGEB gibi Kamu kurumlar\u0131 yada EUREKA, EUROSTARS, HORIZON ve AB \u00c7er\u00e7eve Programlar\u0131na proje \u00f6nerisi haz\u0131rlan\u0131r.<\/li><li>\u0130\u015fletmenin hakem\/kurul g\u00f6r\u00fc\u015fmelerine haz\u0131rlanmas\u0131 sa\u011flan\u0131r.<\/li><li>Onaylanan projelerin d\u00f6nemsel raporlar\u0131 haz\u0131rlan\u0131r ve projenin Ar-Ge muhasebesi esaslar\u0131na g\u00f6re muhasebele\u015ftirilmesi sa\u011flanarak desteklerden tam ve eksiksiz yararland\u0131r\u0131l\u0131r.<\/li><li>Proje \u00e7\u0131kt\u0131s\u0131 s\u0131nai m\u00fclkiyet hakk\u0131 al\u0131nmas\u0131na uygunsa ilgili hak ba\u015fvurular\u0131 yap\u0131l\u0131r.<\/li><li>Proje \u00e7\u0131kt\u0131s\u0131n\u0131n \u00fcretimi i\u00e7in gerekli teknolojik altyap\u0131n\u0131n y\u00fcksek destek oranlar\u0131 ile desteklenerek kurulmas\u0131na y\u00f6nelik proje ba\u015fvurular\u0131 ger\u00e7ekle\u015ftirilir.<\/li><li>Proje \u00e7\u0131kt\u0131s\u0131 kamu taraf\u0131ndan al\u0131nan bir \u00fcr\u00fcn ise, \u00fcr\u00fcn\u00fcn K\u0130K\u2019e tabi olmaks\u0131z\u0131n kamuya sat\u0131\u015f\u0131n\u0131 sa\u011flayan DMO Tekno- Katalog\u2019da yer almas\u0131n\u0131na y\u00f6nelik \u00e7al\u0131\u015fmalar y\u00fcr\u00fct\u00fcl\u00fcr.<\/li><li>Proje \u00e7\u0131kt\u0131s\u0131n\u0131n ihracat destekleri ile ihrac\u0131 kolayla\u015ft\u0131r\u0131l\u0131r.<\/li><\/ul>\t\t\t\t\t\t<\/div>\n\t\t\t\t<\/div>\n\t\t\t\t\t<\/div>\n\t\t<\/div>\n\t\t\t\t\t\t\t<\/div>\n\t\t<\/section>\n\t\t\t\t\t<\/div>\n\t\t<\/div>\n\t\t\t\t\t\t\t<\/div>\n\t\t<\/section>\n\t\t\t\t\t\t\t<\/div>\n\t\t","protected":false},"excerpt":{"rendered":"<p>\u00a0 \u00a0 \u00a0 \u00a0 \u00a0 Ar-Ge Proje Destek Programlar\u0131 Proje fikri analiz edilerek projenin desteklenmeye uygunlu\u011fu tespit edilir. \u0130\u015fletmenin ge\u00e7mi\u015f faaliyetleri, projeleri ve ilgili alanda teknolojinin mevcut durumu dikkate al\u0131narak proje fikri olgunla\u015ft\u0131r\u0131l\u0131r ve projenin reddedilme riskleri azalt\u0131l\u0131r. Proje \u00f6nerisi i\u00e7in i\u015fletmenin en fazla destek alabilece\u011fi ve reddedilme riski en d\u00fc\u015f\u00fck olan destek program\u0131 belirlenir. &hellip;<\/p>\n<p class=\"read-more\"> <a class=\"\" href=\"https:\/\/www.nkrotadanismanlik.com.tr\/?page_id=123\"> <span class=\"screen-reader-text\">Ar-Ge Proje Destek Programlar\u0131<\/span> Devam\u0131 &raquo;<\/a><\/p>\n","protected":false},"author":1,"featured_media":0,"parent":0,"menu_order":0,"comment_status":"closed","ping_status":"closed","template":"","meta":{"site-sidebar-layout":"no-sidebar","site-content-layout":"page-builder","ast-global-header-display":"","ast-main-header-display":"","ast-hfb-above-header-display":"","ast-hfb-below-header-display":"","ast-hfb-mobile-header-display":"","site-post-title":"disabled","ast-breadcrumbs-content":"","ast-featured-img":"disabled","footer-sml-layout":"","theme-transparent-header-meta":"","adv-header-id-meta":"","stick-header-meta":"","header-above-stick-meta":"","header-main-stick-meta":"","header-below-stick-meta":"","footnotes":""},"class_list":["post-123","page","type-page","status-publish","hentry"],"yoast_head":"<!-- This site is optimized with the Yoast SEO plugin v19.10 - https:\/\/yoast.com\/wordpress\/plugins\/seo\/ -->\n<title>Ar-Ge Proje Destek Programlar\u0131 - NK Rota Dan\u0131\u015fmanl\u0131k<\/title>\n<meta name=\"robots\" content=\"index, follow, max-snippet:-1, max-image-preview:large, max-video-preview:-1\" \/>\n<link rel=\"canonical\" href=\"https:\/\/www.nkrotadanismanlik.com.tr\/?page_id=123\" \/>\n<meta property=\"og:locale\" content=\"tr_TR\" \/>\n<meta property=\"og:type\" content=\"article\" \/>\n<meta property=\"og:title\" content=\"Ar-Ge Proje Destek Programlar\u0131 - NK Rota Dan\u0131\u015fmanl\u0131k\" \/>\n<meta property=\"og:description\" content=\"\u00a0 \u00a0 \u00a0 \u00a0 \u00a0 Ar-Ge Proje Destek Programlar\u0131 Proje fikri analiz edilerek projenin desteklenmeye uygunlu\u011fu tespit edilir. \u0130\u015fletmenin ge\u00e7mi\u015f faaliyetleri, projeleri ve ilgili alanda teknolojinin mevcut durumu dikkate al\u0131narak proje fikri olgunla\u015ft\u0131r\u0131l\u0131r ve projenin reddedilme riskleri azalt\u0131l\u0131r. Proje \u00f6nerisi i\u00e7in i\u015fletmenin en fazla destek alabilece\u011fi ve reddedilme riski en d\u00fc\u015f\u00fck olan destek program\u0131 belirlenir. &hellip; Ar-Ge Proje Destek Programlar\u0131 Devam\u0131 &raquo;\" \/>\n<meta property=\"og:url\" content=\"https:\/\/www.nkrotadanismanlik.com.tr\/?page_id=123\" \/>\n<meta property=\"og:site_name\" content=\"NK Rota Dan\u0131\u015fmanl\u0131k\" \/>\n<meta property=\"article:modified_time\" content=\"2022-10-05T09:17:00+00:00\" \/>\n<meta property=\"og:image\" content=\"https:\/\/www.nkrotadanismanlik.com.tr\/wp-content\/uploads\/2022\/10\/arge.png\" \/>\n<meta name=\"twitter:card\" content=\"summary_large_image\" \/>\n<meta name=\"twitter:label1\" content=\"Tahmini okuma s\u00fcresi\" \/>\n\t<meta name=\"twitter:data1\" content=\"2 dakika\" \/>\n<script type=\"application\/ld+json\" class=\"yoast-schema-graph\">{\"@context\":\"https:\/\/schema.org\",\"@graph\":[{\"@type\":\"WebPage\",\"@id\":\"https:\/\/www.nkrotadanismanlik.com.tr\/?page_id=123\",\"url\":\"https:\/\/www.nkrotadanismanlik.com.tr\/?page_id=123\",\"name\":\"Ar-Ge Proje Destek Programlar\u0131 - NK Rota Dan\u0131\u015fmanl\u0131k\",\"isPartOf\":{\"@id\":\"https:\/\/www.nkrotadanismanlik.com.tr\/#website\"},\"datePublished\":\"2022-10-05T04:35:17+00:00\",\"dateModified\":\"2022-10-05T09:17:00+00:00\",\"breadcrumb\":{\"@id\":\"https:\/\/www.nkrotadanismanlik.com.tr\/?page_id=123#breadcrumb\"},\"inLanguage\":\"tr\",\"potentialAction\":[{\"@type\":\"ReadAction\",\"target\":[\"https:\/\/www.nkrotadanismanlik.com.tr\/?page_id=123\"]}]},{\"@type\":\"BreadcrumbList\",\"@id\":\"https:\/\/www.nkrotadanismanlik.com.tr\/?page_id=123#breadcrumb\",\"itemListElement\":[{\"@type\":\"ListItem\",\"position\":1,\"name\":\"Anasayfa\",\"item\":\"https:\/\/www.nkrotadanismanlik.com.tr\/\"},{\"@type\":\"ListItem\",\"position\":2,\"name\":\"Ar-Ge Proje Destek Programlar\u0131\"}]},{\"@type\":\"WebSite\",\"@id\":\"https:\/\/www.nkrotadanismanlik.com.tr\/#website\",\"url\":\"https:\/\/www.nkrotadanismanlik.com.tr\/\",\"name\":\"NK Rota Dan\u0131\u015fmanl\u0131k\",\"description\":\"Sizin \u0130\u00e7in En Do\u011fru ROTA\",\"publisher\":{\"@id\":\"https:\/\/www.nkrotadanismanlik.com.tr\/#organization\"},\"potentialAction\":[{\"@type\":\"SearchAction\",\"target\":{\"@type\":\"EntryPoint\",\"urlTemplate\":\"https:\/\/www.nkrotadanismanlik.com.tr\/?s={search_term_string}\"},\"query-input\":\"required name=search_term_string\"}],\"inLanguage\":\"tr\"},{\"@type\":\"Organization\",\"@id\":\"https:\/\/www.nkrotadanismanlik.com.tr\/#organization\",\"name\":\"NK Rota Dan\u0131\u015fmanl\u0131k\",\"url\":\"https:\/\/www.nkrotadanismanlik.com.tr\/\",\"logo\":{\"@type\":\"ImageObject\",\"inLanguage\":\"tr\",\"@id\":\"https:\/\/www.nkrotadanismanlik.com.tr\/#\/schema\/logo\/image\/\",\"url\":\"https:\/\/www.nkrotadanismanlik.com.tr\/wp-content\/uploads\/2022\/08\/cropped-Defi-Finance-Logo-7-yazisisz.png\",\"contentUrl\":\"https:\/\/www.nkrotadanismanlik.com.tr\/wp-content\/uploads\/2022\/08\/cropped-Defi-Finance-Logo-7-yazisisz.png\",\"width\":129,\"height\":125,\"caption\":\"NK Rota Dan\u0131\u015fmanl\u0131k\"},\"image\":{\"@id\":\"https:\/\/www.nkrotadanismanlik.com.tr\/#\/schema\/logo\/image\/\"}}]}<\/script>\n<!-- \/ Yoast SEO plugin. -->","yoast_head_json":{"title":"Ar-Ge Proje Destek Programlar\u0131 - NK Rota Dan\u0131\u015fmanl\u0131k","robots":{"index":"index","follow":"follow","max-snippet":"max-snippet:-1","max-image-preview":"max-image-preview:large","max-video-preview":"max-video-preview:-1"},"canonical":"https:\/\/www.nkrotadanismanlik.com.tr\/?page_id=123","og_locale":"tr_TR","og_type":"article","og_title":"Ar-Ge Proje Destek Programlar\u0131 - NK Rota Dan\u0131\u015fmanl\u0131k","og_description":"\u00a0 \u00a0 \u00a0 \u00a0 \u00a0 Ar-Ge Proje Destek Programlar\u0131 Proje fikri analiz edilerek projenin desteklenmeye uygunlu\u011fu tespit edilir. \u0130\u015fletmenin ge\u00e7mi\u015f faaliyetleri, projeleri ve ilgili alanda teknolojinin mevcut durumu dikkate al\u0131narak proje fikri olgunla\u015ft\u0131r\u0131l\u0131r ve projenin reddedilme riskleri azalt\u0131l\u0131r. Proje \u00f6nerisi i\u00e7in i\u015fletmenin en fazla destek alabilece\u011fi ve reddedilme riski en d\u00fc\u015f\u00fck olan destek program\u0131 belirlenir. &hellip; Ar-Ge Proje Destek Programlar\u0131 Devam\u0131 &raquo;","og_url":"https:\/\/www.nkrotadanismanlik.com.tr\/?page_id=123","og_site_name":"NK Rota Dan\u0131\u015fmanl\u0131k","article_modified_time":"2022-10-05T09:17:00+00:00","og_image":[{"url":"https:\/\/www.nkrotadanismanlik.com.tr\/wp-content\/uploads\/2022\/10\/arge.png"}],"twitter_card":"summary_large_image","twitter_misc":{"Tahmini okuma s\u00fcresi":"2 dakika"},"schema":{"@context":"https:\/\/schema.org","@graph":[{"@type":"WebPage","@id":"https:\/\/www.nkrotadanismanlik.com.tr\/?page_id=123","url":"https:\/\/www.nkrotadanismanlik.com.tr\/?page_id=123","name":"Ar-Ge Proje Destek Programlar\u0131 - NK Rota Dan\u0131\u015fmanl\u0131k","isPartOf":{"@id":"https:\/\/www.nkrotadanismanlik.com.tr\/#website"},"datePublished":"2022-10-05T04:35:17+00:00","dateModified":"2022-10-05T09:17:00+00:00","breadcrumb":{"@id":"https:\/\/www.nkrotadanismanlik.com.tr\/?page_id=123#breadcrumb"},"inLanguage":"tr","potentialAction":[{"@type":"ReadAction","target":["https:\/\/www.nkrotadanismanlik.com.tr\/?page_id=123"]}]},{"@type":"BreadcrumbList","@id":"https:\/\/www.nkrotadanismanlik.com.tr\/?page_id=123#breadcrumb","itemListElement":[{"@type":"ListItem","position":1,"name":"Anasayfa","item":"https:\/\/www.nkrotadanismanlik.com.tr\/"},{"@type":"ListItem","position":2,"name":"Ar-Ge Proje Destek Programlar\u0131"}]},{"@type":"WebSite","@id":"https:\/\/www.nkrotadanismanlik.com.tr\/#website","url":"https:\/\/www.nkrotadanismanlik.com.tr\/","name":"NK Rota Dan\u0131\u015fmanl\u0131k","description":"Sizin \u0130\u00e7in En Do\u011fru ROTA","publisher":{"@id":"https:\/\/www.nkrotadanismanlik.com.tr\/#organization"},"potentialAction":[{"@type":"SearchAction","target":{"@type":"EntryPoint","urlTemplate":"https:\/\/www.nkrotadanismanlik.com.tr\/?s={search_term_string}"},"query-input":"required name=search_term_string"}],"inLanguage":"tr"},{"@type":"Organization","@id":"https:\/\/www.nkrotadanismanlik.com.tr\/#organization","name":"NK Rota Dan\u0131\u015fmanl\u0131k","url":"https:\/\/www.nkrotadanismanlik.com.tr\/","logo":{"@type":"ImageObject","inLanguage":"tr","@id":"https:\/\/www.nkrotadanismanlik.com.tr\/#\/schema\/logo\/image\/","url":"https:\/\/www.nkrotadanismanlik.com.tr\/wp-content\/uploads\/2022\/08\/cropped-Defi-Finance-Logo-7-yazisisz.png","contentUrl":"https:\/\/www.nkrotadanismanlik.com.tr\/wp-content\/uploads\/2022\/08\/cropped-Defi-Finance-Logo-7-yazisisz.png","width":129,"height":125,"caption":"NK Rota Dan\u0131\u015fmanl\u0131k"},"image":{"@id":"https:\/\/www.nkrotadanismanlik.com.tr\/#\/schema\/logo\/image\/"}}]}},"_links":{"self":[{"href":"https:\/\/www.nkrotadanismanlik.com.tr\/index.php?rest_route=\/wp\/v2\/pages\/123","targetHints":{"allow":["GET"]}}],"collection":[{"href":"https:\/\/www.nkrotadanismanlik.com.tr\/index.php?rest_route=\/wp\/v2\/pages"}],"about":[{"href":"https:\/\/www.nkrotadanismanlik.com.tr\/index.php?rest_route=\/wp\/v2\/types\/page"}],"author":[{"embeddable":true,"href":"https:\/\/www.nkrotadanismanlik.com.tr\/index.php?rest_route=\/wp\/v2\/users\/1"}],"replies":[{"embeddable":true,"href":"https:\/\/www.nkrotadanismanlik.com.tr\/index.php?rest_route=%2Fwp%2Fv2%2Fcomments&post=123"}],"version-history":[{"count":10,"href":"https:\/\/www.nkrotadanismanlik.com.tr\/index.php?rest_route=\/wp\/v2\/pages\/123\/revisions"}],"predecessor-version":[{"id":177,"href":"https:\/\/www.nkrotadanismanlik.com.tr\/index.php?rest_route=\/wp\/v2\/pages\/123\/revisions\/177"}],"wp:attachment":[{"href":"https:\/\/www.nkrotadanismanlik.com.tr\/index.php?rest_route=%2Fwp%2Fv2%2Fmedia&parent=123"}],"curies":[{"name":"wp","href":"https:\/\/api.w.org\/{rel}","templated":true}]}}