{"id":12,"date":"2022-08-29T11:23:24","date_gmt":"2022-08-29T08:23:24","guid":{"rendered":"https:\/\/www.nkrotadanismanlik.com.tr\/?page_id=12"},"modified":"2022-08-29T12:28:58","modified_gmt":"2022-08-29T09:28:58","slug":"anasayfa","status":"publish","type":"page","link":"https:\/\/www.nkrotadanismanlik.com.tr\/","title":{"rendered":"Anasayfa"},"content":{"rendered":"\t\t<div data-elementor-type=\"wp-page\" data-elementor-id=\"12\" class=\"elementor elementor-12\">\n\t\t\t\t\t\t\t\t\t<section class=\"elementor-section elementor-top-section elementor-element elementor-element-429fc74 elementor-section-boxed elementor-section-height-default elementor-section-height-default\" data-id=\"429fc74\" data-element_type=\"section\">\n\t\t\t\t\t\t<div class=\"elementor-container elementor-column-gap-default\">\n\t\t\t\t\t<div class=\"elementor-column elementor-col-100 elementor-top-column elementor-element elementor-element-1248402\" data-id=\"1248402\" data-element_type=\"column\">\n\t\t\t<div class=\"elementor-widget-wrap elementor-element-populated\">\n\t\t\t\t\t\t\t\t<section class=\"elementor-section elementor-inner-section elementor-element elementor-element-84a84ba elementor-section-boxed elementor-section-height-default elementor-section-height-default\" data-id=\"84a84ba\" data-element_type=\"section\">\n\t\t\t\t\t\t\t<div class=\"elementor-background-overlay\"><\/div>\n\t\t\t\t\t\t\t<div class=\"elementor-container elementor-column-gap-default\">\n\t\t\t\t\t<div class=\"elementor-column elementor-col-50 elementor-inner-column elementor-element elementor-element-2015d9c\" data-id=\"2015d9c\" data-element_type=\"column\">\n\t\t\t<div class=\"elementor-widget-wrap elementor-element-populated\">\n\t\t\t\t\t\t\t\t<div class=\"elementor-element elementor-element-07940e4 elementor-invisible elementor-widget elementor-widget-text-editor\" data-id=\"07940e4\" data-element_type=\"widget\" data-settings=\"{&quot;_animation&quot;:&quot;zoomIn&quot;}\" data-widget_type=\"text-editor.default\">\n\t\t\t\t<div class=\"elementor-widget-container\">\n\t\t\t<style>\/*! elementor - v3.8.1 - 13-11-2022 *\/\n.elementor-widget-text-editor.elementor-drop-cap-view-stacked .elementor-drop-cap{background-color:#818a91;color:#fff}.elementor-widget-text-editor.elementor-drop-cap-view-framed .elementor-drop-cap{color:#818a91;border:3px solid;background-color:transparent}.elementor-widget-text-editor:not(.elementor-drop-cap-view-default) .elementor-drop-cap{margin-top:8px}.elementor-widget-text-editor:not(.elementor-drop-cap-view-default) .elementor-drop-cap-letter{width:1em;height:1em}.elementor-widget-text-editor .elementor-drop-cap{float:left;text-align:center;line-height:1;font-size:50px}.elementor-widget-text-editor .elementor-drop-cap-letter{display:inline-block}<\/style>\t\t\t\t<p><strong>NK Rota Dan\u0131\u015fmanl\u0131k olarak;<\/strong><\/p><p>Yat\u0131r\u0131mc\u0131lar\u0131m\u0131z\u0131n fikirlerini topra\u011fa at\u0131lmay\u0131 bekleyen bir tohum gibi g\u00f6rmekteyiz. Nas\u0131l ki tohum do\u011fru zamanda toprakla bulu\u015ftu\u011funda ve do\u011fru zamanda do\u011fru besinlerle beslendi\u011finde y\u00fcksek verim veriyorsa, yat\u0131r\u0131mlar\u0131n da do\u011fru zamanda ba\u015flan\u0131ld\u0131\u011f\u0131nda ve do\u011fru te\u015fvik\/hibe mekanizmalar\u0131 ile desteklendi\u011finde rekabet g\u00fc\u00e7lerinin artt\u0131\u011f\u0131n\u0131 ve h\u0131zla b\u00fcy\u00fcd\u00fc\u011f\u00fcn\u00fc g\u00f6rmekteyiz.<\/p><p>Onlarca kurum ve kurulu\u015f taraf\u0131ndan sunulan kar\u0131\u015f\u0131k yap\u0131daki ulusal ve uluslararas\u0131 te\u015fvik\/hibe fonlar\u0131ndan hangisinin sizin i\u00e7in en uygun oldu\u011funu belirlemek ve desteklerden entegre bir \u015fekilde yararlanman\u0131z\u0131 sa\u011flamak i\u00e7in <strong>ROTA<\/strong>\u2019n\u0131z\u0131 sizinle birlikte \u00e7izmek istiyoruz.<\/p>\t\t\t\t\t\t<\/div>\n\t\t\t\t<\/div>\n\t\t\t\t\t<\/div>\n\t\t<\/div>\n\t\t\t\t<div class=\"elementor-column elementor-col-50 elementor-inner-column elementor-element elementor-element-4e3128a\" data-id=\"4e3128a\" data-element_type=\"column\">\n\t\t\t<div class=\"elementor-widget-wrap elementor-element-populated\">\n\t\t\t\t\t\t\t\t<div class=\"elementor-element elementor-element-54da6dd elementor-widget elementor-widget-image\" data-id=\"54da6dd\" data-element_type=\"widget\" data-widget_type=\"image.default\">\n\t\t\t\t<div class=\"elementor-widget-container\">\n\t\t\t<style>\/*! elementor - v3.8.1 - 13-11-2022 *\/\n.elementor-widget-image{text-align:center}.elementor-widget-image a{display:inline-block}.elementor-widget-image a img[src$=\".svg\"]{width:48px}.elementor-widget-image img{vertical-align:middle;display:inline-block}<\/style>\t\t\t\t\t\t\t\t\t\t\t\t<img loading=\"lazy\" decoding=\"async\" width=\"804\" height=\"364\" src=\"https:\/\/www.nkrotadanismanlik.com.tr\/wp-content\/uploads\/2022\/08\/hakkimizda-tohum.png\" class=\"attachment-large size-large\" alt=\"\" srcset=\"https:\/\/www.nkrotadanismanlik.com.tr\/wp-content\/uploads\/2022\/08\/hakkimizda-tohum.png 804w, https:\/\/www.nkrotadanismanlik.com.tr\/wp-content\/uploads\/2022\/08\/hakkimizda-tohum-300x136.png 300w, https:\/\/www.nkrotadanismanlik.com.tr\/wp-content\/uploads\/2022\/08\/hakkimizda-tohum-768x348.png 768w\" sizes=\"auto, (max-width: 804px) 100vw, 804px\" \/>\t\t\t\t\t\t\t\t\t\t\t\t\t\t\t<\/div>\n\t\t\t\t<\/div>\n\t\t\t\t\t<\/div>\n\t\t<\/div>\n\t\t\t\t\t\t\t<\/div>\n\t\t<\/section>\n\t\t\t\t\t<\/div>\n\t\t<\/div>\n\t\t\t\t\t\t\t<\/div>\n\t\t<\/section>\n\t\t\t\t\t\t\t<\/div>\n\t\t","protected":false},"excerpt":{"rendered":"<p>NK Rota Dan\u0131\u015fmanl\u0131k olarak; Yat\u0131r\u0131mc\u0131lar\u0131m\u0131z\u0131n fikirlerini topra\u011fa at\u0131lmay\u0131 bekleyen bir tohum gibi g\u00f6rmekteyiz. Nas\u0131l ki tohum do\u011fru zamanda toprakla bulu\u015ftu\u011funda ve do\u011fru zamanda do\u011fru besinlerle beslendi\u011finde y\u00fcksek verim veriyorsa, yat\u0131r\u0131mlar\u0131n da do\u011fru zamanda ba\u015flan\u0131ld\u0131\u011f\u0131nda ve do\u011fru te\u015fvik\/hibe mekanizmalar\u0131 ile desteklendi\u011finde rekabet g\u00fc\u00e7lerinin artt\u0131\u011f\u0131n\u0131 ve h\u0131zla b\u00fcy\u00fcd\u00fc\u011f\u00fcn\u00fc g\u00f6rmekteyiz. Onlarca kurum ve kurulu\u015f taraf\u0131ndan sunulan kar\u0131\u015f\u0131k yap\u0131daki &hellip;<\/p>\n<p class=\"read-more\"> <a class=\"\" href=\"https:\/\/www.nkrotadanismanlik.com.tr\/\"> <span class=\"screen-reader-text\">Anasayfa<\/span> Devam\u0131 &raquo;<\/a><\/p>\n","protected":false},"author":1,"featured_media":0,"parent":0,"menu_order":0,"comment_status":"closed","ping_status":"closed","template":"","meta":{"site-sidebar-layout":"no-sidebar","site-content-layout":"page-builder","ast-global-header-display":"","ast-main-header-display":"","ast-hfb-above-header-display":"","ast-hfb-below-header-display":"","ast-hfb-mobile-header-display":"","site-post-title":"disabled","ast-breadcrumbs-content":"","ast-featured-img":"disabled","footer-sml-layout":"","theme-transparent-header-meta":"","adv-header-id-meta":"","stick-header-meta":"","header-above-stick-meta":"","header-main-stick-meta":"","header-below-stick-meta":"","footnotes":""},"class_list":["post-12","page","type-page","status-publish","hentry"],"yoast_head":"<!-- This site is optimized with the Yoast SEO plugin v19.10 - https:\/\/yoast.com\/wordpress\/plugins\/seo\/ -->\n<title>Anasayfa - NK Rota Dan\u0131\u015fmanl\u0131k<\/title>\n<meta name=\"robots\" content=\"index, follow, max-snippet:-1, max-image-preview:large, max-video-preview:-1\" \/>\n<link rel=\"canonical\" href=\"https:\/\/www.nkrotadanismanlik.com.tr\/\" \/>\n<meta property=\"og:locale\" content=\"tr_TR\" \/>\n<meta property=\"og:type\" content=\"article\" \/>\n<meta property=\"og:title\" content=\"Anasayfa - NK Rota Dan\u0131\u015fmanl\u0131k\" \/>\n<meta property=\"og:description\" content=\"NK Rota Dan\u0131\u015fmanl\u0131k olarak; Yat\u0131r\u0131mc\u0131lar\u0131m\u0131z\u0131n fikirlerini topra\u011fa at\u0131lmay\u0131 bekleyen bir tohum gibi g\u00f6rmekteyiz. Nas\u0131l ki tohum do\u011fru zamanda toprakla bulu\u015ftu\u011funda ve do\u011fru zamanda do\u011fru besinlerle beslendi\u011finde y\u00fcksek verim veriyorsa, yat\u0131r\u0131mlar\u0131n da do\u011fru zamanda ba\u015flan\u0131ld\u0131\u011f\u0131nda ve do\u011fru te\u015fvik\/hibe mekanizmalar\u0131 ile desteklendi\u011finde rekabet g\u00fc\u00e7lerinin artt\u0131\u011f\u0131n\u0131 ve h\u0131zla b\u00fcy\u00fcd\u00fc\u011f\u00fcn\u00fc g\u00f6rmekteyiz. Onlarca kurum ve kurulu\u015f taraf\u0131ndan sunulan kar\u0131\u015f\u0131k yap\u0131daki &hellip; Anasayfa Devam\u0131 &raquo;\" \/>\n<meta property=\"og:url\" content=\"https:\/\/www.nkrotadanismanlik.com.tr\/\" \/>\n<meta property=\"og:site_name\" content=\"NK Rota Dan\u0131\u015fmanl\u0131k\" \/>\n<meta property=\"article:modified_time\" content=\"2022-08-29T09:28:58+00:00\" \/>\n<meta property=\"og:image\" content=\"https:\/\/www.nkrotadanismanlik.com.tr\/wp-content\/uploads\/2022\/08\/hakkimizda-tohum.png\" \/>\n<meta name=\"twitter:card\" content=\"summary_large_image\" \/>\n<meta name=\"twitter:label1\" content=\"Tahmini okuma s\u00fcresi\" \/>\n\t<meta name=\"twitter:data1\" content=\"1 dakika\" \/>\n<script type=\"application\/ld+json\" class=\"yoast-schema-graph\">{\"@context\":\"https:\/\/schema.org\",\"@graph\":[{\"@type\":\"WebPage\",\"@id\":\"https:\/\/www.nkrotadanismanlik.com.tr\/\",\"url\":\"https:\/\/www.nkrotadanismanlik.com.tr\/\",\"name\":\"Anasayfa - NK Rota Dan\u0131\u015fmanl\u0131k\",\"isPartOf\":{\"@id\":\"https:\/\/www.nkrotadanismanlik.com.tr\/#website\"},\"datePublished\":\"2022-08-29T08:23:24+00:00\",\"dateModified\":\"2022-08-29T09:28:58+00:00\",\"breadcrumb\":{\"@id\":\"https:\/\/www.nkrotadanismanlik.com.tr\/#breadcrumb\"},\"inLanguage\":\"tr\",\"potentialAction\":[{\"@type\":\"ReadAction\",\"target\":[\"https:\/\/www.nkrotadanismanlik.com.tr\/\"]}]},{\"@type\":\"BreadcrumbList\",\"@id\":\"https:\/\/www.nkrotadanismanlik.com.tr\/#breadcrumb\",\"itemListElement\":[{\"@type\":\"ListItem\",\"position\":1,\"name\":\"Anasayfa\",\"item\":\"https:\/\/www.nkrotadanismanlik.com.tr\/\"},{\"@type\":\"ListItem\",\"position\":2,\"name\":\"Anasayfa\"}]},{\"@type\":\"WebSite\",\"@id\":\"https:\/\/www.nkrotadanismanlik.com.tr\/#website\",\"url\":\"https:\/\/www.nkrotadanismanlik.com.tr\/\",\"name\":\"NK Rota Dan\u0131\u015fmanl\u0131k\",\"description\":\"Sizin \u0130\u00e7in En Do\u011fru ROTA\",\"publisher\":{\"@id\":\"https:\/\/www.nkrotadanismanlik.com.tr\/#organization\"},\"potentialAction\":[{\"@type\":\"SearchAction\",\"target\":{\"@type\":\"EntryPoint\",\"urlTemplate\":\"https:\/\/www.nkrotadanismanlik.com.tr\/?s={search_term_string}\"},\"query-input\":\"required name=search_term_string\"}],\"inLanguage\":\"tr\"},{\"@type\":\"Organization\",\"@id\":\"https:\/\/www.nkrotadanismanlik.com.tr\/#organization\",\"name\":\"NK Rota Dan\u0131\u015fmanl\u0131k\",\"url\":\"https:\/\/www.nkrotadanismanlik.com.tr\/\",\"logo\":{\"@type\":\"ImageObject\",\"inLanguage\":\"tr\",\"@id\":\"https:\/\/www.nkrotadanismanlik.com.tr\/#\/schema\/logo\/image\/\",\"url\":\"https:\/\/www.nkrotadanismanlik.com.tr\/wp-content\/uploads\/2022\/08\/cropped-Defi-Finance-Logo-7-yazisisz.png\",\"contentUrl\":\"https:\/\/www.nkrotadanismanlik.com.tr\/wp-content\/uploads\/2022\/08\/cropped-Defi-Finance-Logo-7-yazisisz.png\",\"width\":129,\"height\":125,\"caption\":\"NK Rota Dan\u0131\u015fmanl\u0131k\"},\"image\":{\"@id\":\"https:\/\/www.nkrotadanismanlik.com.tr\/#\/schema\/logo\/image\/\"}}]}<\/script>\n<!-- \/ Yoast SEO plugin. -->","yoast_head_json":{"title":"Anasayfa - NK Rota Dan\u0131\u015fmanl\u0131k","robots":{"index":"index","follow":"follow","max-snippet":"max-snippet:-1","max-image-preview":"max-image-preview:large","max-video-preview":"max-video-preview:-1"},"canonical":"https:\/\/www.nkrotadanismanlik.com.tr\/","og_locale":"tr_TR","og_type":"article","og_title":"Anasayfa - NK Rota Dan\u0131\u015fmanl\u0131k","og_description":"NK Rota Dan\u0131\u015fmanl\u0131k olarak; Yat\u0131r\u0131mc\u0131lar\u0131m\u0131z\u0131n fikirlerini topra\u011fa at\u0131lmay\u0131 bekleyen bir tohum gibi g\u00f6rmekteyiz. Nas\u0131l ki tohum do\u011fru zamanda toprakla bulu\u015ftu\u011funda ve do\u011fru zamanda do\u011fru besinlerle beslendi\u011finde y\u00fcksek verim veriyorsa, yat\u0131r\u0131mlar\u0131n da do\u011fru zamanda ba\u015flan\u0131ld\u0131\u011f\u0131nda ve do\u011fru te\u015fvik\/hibe mekanizmalar\u0131 ile desteklendi\u011finde rekabet g\u00fc\u00e7lerinin artt\u0131\u011f\u0131n\u0131 ve h\u0131zla b\u00fcy\u00fcd\u00fc\u011f\u00fcn\u00fc g\u00f6rmekteyiz. Onlarca kurum ve kurulu\u015f taraf\u0131ndan sunulan kar\u0131\u015f\u0131k yap\u0131daki &hellip; Anasayfa Devam\u0131 &raquo;","og_url":"https:\/\/www.nkrotadanismanlik.com.tr\/","og_site_name":"NK Rota Dan\u0131\u015fmanl\u0131k","article_modified_time":"2022-08-29T09:28:58+00:00","og_image":[{"url":"https:\/\/www.nkrotadanismanlik.com.tr\/wp-content\/uploads\/2022\/08\/hakkimizda-tohum.png"}],"twitter_card":"summary_large_image","twitter_misc":{"Tahmini okuma s\u00fcresi":"1 dakika"},"schema":{"@context":"https:\/\/schema.org","@graph":[{"@type":"WebPage","@id":"https:\/\/www.nkrotadanismanlik.com.tr\/","url":"https:\/\/www.nkrotadanismanlik.com.tr\/","name":"Anasayfa - NK Rota Dan\u0131\u015fmanl\u0131k","isPartOf":{"@id":"https:\/\/www.nkrotadanismanlik.com.tr\/#website"},"datePublished":"2022-08-29T08:23:24+00:00","dateModified":"2022-08-29T09:28:58+00:00","breadcrumb":{"@id":"https:\/\/www.nkrotadanismanlik.com.tr\/#breadcrumb"},"inLanguage":"tr","potentialAction":[{"@type":"ReadAction","target":["https:\/\/www.nkrotadanismanlik.com.tr\/"]}]},{"@type":"BreadcrumbList","@id":"https:\/\/www.nkrotadanismanlik.com.tr\/#breadcrumb","itemListElement":[{"@type":"ListItem","position":1,"name":"Anasayfa","item":"https:\/\/www.nkrotadanismanlik.com.tr\/"},{"@type":"ListItem","position":2,"name":"Anasayfa"}]},{"@type":"WebSite","@id":"https:\/\/www.nkrotadanismanlik.com.tr\/#website","url":"https:\/\/www.nkrotadanismanlik.com.tr\/","name":"NK Rota Dan\u0131\u015fmanl\u0131k","description":"Sizin \u0130\u00e7in En Do\u011fru ROTA","publisher":{"@id":"https:\/\/www.nkrotadanismanlik.com.tr\/#organization"},"potentialAction":[{"@type":"SearchAction","target":{"@type":"EntryPoint","urlTemplate":"https:\/\/www.nkrotadanismanlik.com.tr\/?s={search_term_string}"},"query-input":"required name=search_term_string"}],"inLanguage":"tr"},{"@type":"Organization","@id":"https:\/\/www.nkrotadanismanlik.com.tr\/#organization","name":"NK Rota Dan\u0131\u015fmanl\u0131k","url":"https:\/\/www.nkrotadanismanlik.com.tr\/","logo":{"@type":"ImageObject","inLanguage":"tr","@id":"https:\/\/www.nkrotadanismanlik.com.tr\/#\/schema\/logo\/image\/","url":"https:\/\/www.nkrotadanismanlik.com.tr\/wp-content\/uploads\/2022\/08\/cropped-Defi-Finance-Logo-7-yazisisz.png","contentUrl":"https:\/\/www.nkrotadanismanlik.com.tr\/wp-content\/uploads\/2022\/08\/cropped-Defi-Finance-Logo-7-yazisisz.png","width":129,"height":125,"caption":"NK Rota Dan\u0131\u015fmanl\u0131k"},"image":{"@id":"https:\/\/www.nkrotadanismanlik.com.tr\/#\/schema\/logo\/image\/"}}]}},"_links":{"self":[{"href":"https:\/\/www.nkrotadanismanlik.com.tr\/index.php?rest_route=\/wp\/v2\/pages\/12","targetHints":{"allow":["GET"]}}],"collection":[{"href":"https:\/\/www.nkrotadanismanlik.com.tr\/index.php?rest_route=\/wp\/v2\/pages"}],"about":[{"href":"https:\/\/www.nkrotadanismanlik.com.tr\/index.php?rest_route=\/wp\/v2\/types\/page"}],"author":[{"embeddable":true,"href":"https:\/\/www.nkrotadanismanlik.com.tr\/index.php?rest_route=\/wp\/v2\/users\/1"}],"replies":[{"embeddable":true,"href":"https:\/\/www.nkrotadanismanlik.com.tr\/index.php?rest_route=%2Fwp%2Fv2%2Fcomments&post=12"}],"version-history":[{"count":10,"href":"https:\/\/www.nkrotadanismanlik.com.tr\/index.php?rest_route=\/wp\/v2\/pages\/12\/revisions"}],"predecessor-version":[{"id":310,"href":"https:\/\/www.nkrotadanismanlik.com.tr\/index.php?rest_route=\/wp\/v2\/pages\/12\/revisions\/310"}],"wp:attachment":[{"href":"https:\/\/www.nkrotadanismanlik.com.tr\/index.php?rest_route=%2Fwp%2Fv2%2Fmedia&parent=12"}],"curies":[{"name":"wp","href":"https:\/\/api.w.org\/{rel}","templated":true}]}}