{"id":103,"date":"2022-10-04T19:11:19","date_gmt":"2022-10-04T16:11:19","guid":{"rendered":"https:\/\/www.nkrotadanismanlik.com.tr\/?page_id=103"},"modified":"2022-10-05T12:12:43","modified_gmt":"2022-10-05T09:12:43","slug":"kosgeb-ileri-girisimcilik-programi","status":"publish","type":"page","link":"https:\/\/www.nkrotadanismanlik.com.tr\/?page_id=103","title":{"rendered":"KOSGEB \u0130leri Giri\u015fimcilik Program\u0131"},"content":{"rendered":"\t\t<div data-elementor-type=\"wp-page\" data-elementor-id=\"103\" class=\"elementor elementor-103\">\n\t\t\t\t\t\t\t\t\t<section class=\"elementor-section elementor-top-section elementor-element elementor-element-d4fd64a elementor-section-boxed elementor-section-height-default elementor-section-height-default\" data-id=\"d4fd64a\" data-element_type=\"section\">\n\t\t\t\t\t\t<div class=\"elementor-container elementor-column-gap-default\">\n\t\t\t\t\t<div class=\"elementor-column elementor-col-100 elementor-top-column elementor-element elementor-element-6344cac\" data-id=\"6344cac\" data-element_type=\"column\">\n\t\t\t<div class=\"elementor-widget-wrap elementor-element-populated\">\n\t\t\t\t\t\t\t\t<section class=\"elementor-section elementor-inner-section elementor-element elementor-element-2bf95dc elementor-section-boxed elementor-section-height-default elementor-section-height-default\" data-id=\"2bf95dc\" data-element_type=\"section\">\n\t\t\t\t\t\t<div class=\"elementor-container elementor-column-gap-default\">\n\t\t\t\t\t<div class=\"elementor-column elementor-col-50 elementor-inner-column elementor-element elementor-element-5759362\" data-id=\"5759362\" data-element_type=\"column\">\n\t\t\t<div class=\"elementor-widget-wrap elementor-element-populated\">\n\t\t\t\t\t\t\t\t<div class=\"elementor-element elementor-element-31d243c elementor-widget elementor-widget-image\" data-id=\"31d243c\" data-element_type=\"widget\" data-widget_type=\"image.default\">\n\t\t\t\t<div class=\"elementor-widget-container\">\n\t\t\t<style>\/*! elementor - v3.8.1 - 13-11-2022 *\/\n.elementor-widget-image{text-align:center}.elementor-widget-image a{display:inline-block}.elementor-widget-image a img[src$=\".svg\"]{width:48px}.elementor-widget-image img{vertical-align:middle;display:inline-block}<\/style>\t\t\t\t\t\t\t\t\t\t\t\t<img loading=\"lazy\" decoding=\"async\" width=\"300\" height=\"154\" src=\"https:\/\/www.nkrotadanismanlik.com.tr\/wp-content\/uploads\/2022\/10\/Ekran-Alintisi-300x154.png\" class=\"attachment-medium size-medium\" alt=\"\" srcset=\"https:\/\/www.nkrotadanismanlik.com.tr\/wp-content\/uploads\/2022\/10\/Ekran-Alintisi-300x154.png 300w, https:\/\/www.nkrotadanismanlik.com.tr\/wp-content\/uploads\/2022\/10\/Ekran-Alintisi-768x394.png 768w, https:\/\/www.nkrotadanismanlik.com.tr\/wp-content\/uploads\/2022\/10\/Ekran-Alintisi.png 950w\" sizes=\"auto, (max-width: 300px) 100vw, 300px\" \/>\t\t\t\t\t\t\t\t\t\t\t\t\t\t\t<\/div>\n\t\t\t\t<\/div>\n\t\t\t\t\t<\/div>\n\t\t<\/div>\n\t\t\t\t<div class=\"elementor-column elementor-col-50 elementor-inner-column elementor-element elementor-element-4006a81\" data-id=\"4006a81\" data-element_type=\"column\">\n\t\t\t<div class=\"elementor-widget-wrap elementor-element-populated\">\n\t\t\t\t\t\t\t\t<div class=\"elementor-element elementor-element-579aa4d elementor-invisible elementor-widget elementor-widget-text-editor\" data-id=\"579aa4d\" data-element_type=\"widget\" data-settings=\"{&quot;_animation&quot;:&quot;zoomIn&quot;}\" data-widget_type=\"text-editor.default\">\n\t\t\t\t<div class=\"elementor-widget-container\">\n\t\t\t<style>\/*! elementor - v3.8.1 - 13-11-2022 *\/\n.elementor-widget-text-editor.elementor-drop-cap-view-stacked .elementor-drop-cap{background-color:#818a91;color:#fff}.elementor-widget-text-editor.elementor-drop-cap-view-framed .elementor-drop-cap{color:#818a91;border:3px solid;background-color:transparent}.elementor-widget-text-editor:not(.elementor-drop-cap-view-default) .elementor-drop-cap{margin-top:8px}.elementor-widget-text-editor:not(.elementor-drop-cap-view-default) .elementor-drop-cap-letter{width:1em;height:1em}.elementor-widget-text-editor .elementor-drop-cap{float:left;text-align:center;line-height:1;font-size:50px}.elementor-widget-text-editor .elementor-drop-cap-letter{display:inline-block}<\/style>\t\t\t\t<p><strong>\u00a0 \u00a0 \u00a0 \u00a0 \u00a0 \u00a0 KOSGEB \u0130leri Giri\u015fimcilik Program\u0131<\/strong><\/p><ul><li>Giri\u015fimcinin destek program\u0131na uygunlu\u011fu analiz edilir ve ba\u015fvuru \u00f6n ko\u015fullar\u0131n\u0131n olu\u015fmas\u0131 sa\u011flan\u0131r.<\/li><li>Giri\u015fimcinin programdan en y\u00fcksek oranda destek alabilmesi i\u00e7in uygun faaliyet kodu tespit edilir.<\/li><li>Proje ba\u015fvuru dosyas\u0131 haz\u0131rlanarak KOSGEB\u2019e sunulur ve giri\u015fimcinin kurul sunumuna haz\u0131rlanmas\u0131 sa\u011flan\u0131r.<\/li><li>Proje onay\u0131 sonras\u0131 KOSGEB mevzuat\u0131na uygun bi\u00e7imde teminat mektuplar\u0131n\u0131n haz\u0131rlanmas\u0131, sat\u0131n almalar\u0131n ger\u00e7ekle\u015ftirilmesi ve faturalar\u0131n d\u00fczenlenmesinde giri\u015fimci y\u00f6nlendirilerek \u00f6n \u00f6deme ve nihai \u00f6demelerin tastamam al\u0131nmas\u0131 sa\u011flan\u0131r.<\/li><li>Giri\u015fimci faaliyetlerine uygun di\u011fer destek programlar\u0131na y\u00f6nlendirilerek desteklerin s\u00fcreklili\u011fi sa\u011flan\u0131r.<\/li><\/ul>\t\t\t\t\t\t<\/div>\n\t\t\t\t<\/div>\n\t\t\t\t\t<\/div>\n\t\t<\/div>\n\t\t\t\t\t\t\t<\/div>\n\t\t<\/section>\n\t\t\t\t\t<\/div>\n\t\t<\/div>\n\t\t\t\t\t\t\t<\/div>\n\t\t<\/section>\n\t\t\t\t\t\t\t<\/div>\n\t\t","protected":false},"excerpt":{"rendered":"<p>\u00a0 \u00a0 \u00a0 \u00a0 \u00a0 \u00a0 KOSGEB \u0130leri Giri\u015fimcilik Program\u0131 Giri\u015fimcinin destek program\u0131na uygunlu\u011fu analiz edilir ve ba\u015fvuru \u00f6n ko\u015fullar\u0131n\u0131n olu\u015fmas\u0131 sa\u011flan\u0131r. Giri\u015fimcinin programdan en y\u00fcksek oranda destek alabilmesi i\u00e7in uygun faaliyet kodu tespit edilir. Proje ba\u015fvuru dosyas\u0131 haz\u0131rlanarak KOSGEB\u2019e sunulur ve giri\u015fimcinin kurul sunumuna haz\u0131rlanmas\u0131 sa\u011flan\u0131r. Proje onay\u0131 sonras\u0131 KOSGEB mevzuat\u0131na uygun bi\u00e7imde teminat &hellip;<\/p>\n<p class=\"read-more\"> <a class=\"\" href=\"https:\/\/www.nkrotadanismanlik.com.tr\/?page_id=103\"> <span class=\"screen-reader-text\">KOSGEB \u0130leri Giri\u015fimcilik Program\u0131<\/span> Devam\u0131 &raquo;<\/a><\/p>\n","protected":false},"author":1,"featured_media":0,"parent":0,"menu_order":0,"comment_status":"closed","ping_status":"closed","template":"","meta":{"site-sidebar-layout":"no-sidebar","site-content-layout":"page-builder","ast-global-header-display":"","ast-main-header-display":"","ast-hfb-above-header-display":"","ast-hfb-below-header-display":"","ast-hfb-mobile-header-display":"","site-post-title":"disabled","ast-breadcrumbs-content":"","ast-featured-img":"disabled","footer-sml-layout":"","theme-transparent-header-meta":"","adv-header-id-meta":"","stick-header-meta":"","header-above-stick-meta":"","header-main-stick-meta":"","header-below-stick-meta":"","footnotes":""},"class_list":["post-103","page","type-page","status-publish","hentry"],"yoast_head":"<!-- This site is optimized with the Yoast SEO plugin v19.10 - https:\/\/yoast.com\/wordpress\/plugins\/seo\/ -->\n<title>KOSGEB \u0130leri Giri\u015fimcilik Program\u0131 - NK Rota Dan\u0131\u015fmanl\u0131k<\/title>\n<meta name=\"robots\" content=\"index, follow, max-snippet:-1, max-image-preview:large, max-video-preview:-1\" \/>\n<link rel=\"canonical\" href=\"https:\/\/www.nkrotadanismanlik.com.tr\/?page_id=103\" \/>\n<meta property=\"og:locale\" content=\"tr_TR\" \/>\n<meta property=\"og:type\" content=\"article\" \/>\n<meta property=\"og:title\" content=\"KOSGEB \u0130leri Giri\u015fimcilik Program\u0131 - NK Rota Dan\u0131\u015fmanl\u0131k\" \/>\n<meta property=\"og:description\" content=\"\u00a0 \u00a0 \u00a0 \u00a0 \u00a0 \u00a0 KOSGEB \u0130leri Giri\u015fimcilik Program\u0131 Giri\u015fimcinin destek program\u0131na uygunlu\u011fu analiz edilir ve ba\u015fvuru \u00f6n ko\u015fullar\u0131n\u0131n olu\u015fmas\u0131 sa\u011flan\u0131r. Giri\u015fimcinin programdan en y\u00fcksek oranda destek alabilmesi i\u00e7in uygun faaliyet kodu tespit edilir. Proje ba\u015fvuru dosyas\u0131 haz\u0131rlanarak KOSGEB\u2019e sunulur ve giri\u015fimcinin kurul sunumuna haz\u0131rlanmas\u0131 sa\u011flan\u0131r. Proje onay\u0131 sonras\u0131 KOSGEB mevzuat\u0131na uygun bi\u00e7imde teminat &hellip; KOSGEB \u0130leri Giri\u015fimcilik Program\u0131 Devam\u0131 &raquo;\" \/>\n<meta property=\"og:url\" content=\"https:\/\/www.nkrotadanismanlik.com.tr\/?page_id=103\" \/>\n<meta property=\"og:site_name\" content=\"NK Rota Dan\u0131\u015fmanl\u0131k\" \/>\n<meta property=\"article:modified_time\" content=\"2022-10-05T09:12:43+00:00\" \/>\n<meta property=\"og:image\" content=\"https:\/\/www.nkrotadanismanlik.com.tr\/wp-content\/uploads\/2022\/10\/Ekran-Alintisi-300x154.png\" \/>\n<meta name=\"twitter:card\" content=\"summary_large_image\" \/>\n<meta name=\"twitter:label1\" content=\"Tahmini okuma s\u00fcresi\" \/>\n\t<meta name=\"twitter:data1\" content=\"1 dakika\" \/>\n<script type=\"application\/ld+json\" class=\"yoast-schema-graph\">{\"@context\":\"https:\/\/schema.org\",\"@graph\":[{\"@type\":\"WebPage\",\"@id\":\"https:\/\/www.nkrotadanismanlik.com.tr\/?page_id=103\",\"url\":\"https:\/\/www.nkrotadanismanlik.com.tr\/?page_id=103\",\"name\":\"KOSGEB \u0130leri Giri\u015fimcilik Program\u0131 - NK Rota Dan\u0131\u015fmanl\u0131k\",\"isPartOf\":{\"@id\":\"https:\/\/www.nkrotadanismanlik.com.tr\/#website\"},\"datePublished\":\"2022-10-04T16:11:19+00:00\",\"dateModified\":\"2022-10-05T09:12:43+00:00\",\"breadcrumb\":{\"@id\":\"https:\/\/www.nkrotadanismanlik.com.tr\/?page_id=103#breadcrumb\"},\"inLanguage\":\"tr\",\"potentialAction\":[{\"@type\":\"ReadAction\",\"target\":[\"https:\/\/www.nkrotadanismanlik.com.tr\/?page_id=103\"]}]},{\"@type\":\"BreadcrumbList\",\"@id\":\"https:\/\/www.nkrotadanismanlik.com.tr\/?page_id=103#breadcrumb\",\"itemListElement\":[{\"@type\":\"ListItem\",\"position\":1,\"name\":\"Anasayfa\",\"item\":\"https:\/\/www.nkrotadanismanlik.com.tr\/\"},{\"@type\":\"ListItem\",\"position\":2,\"name\":\"KOSGEB \u0130leri Giri\u015fimcilik Program\u0131\"}]},{\"@type\":\"WebSite\",\"@id\":\"https:\/\/www.nkrotadanismanlik.com.tr\/#website\",\"url\":\"https:\/\/www.nkrotadanismanlik.com.tr\/\",\"name\":\"NK Rota Dan\u0131\u015fmanl\u0131k\",\"description\":\"Sizin \u0130\u00e7in En Do\u011fru ROTA\",\"publisher\":{\"@id\":\"https:\/\/www.nkrotadanismanlik.com.tr\/#organization\"},\"potentialAction\":[{\"@type\":\"SearchAction\",\"target\":{\"@type\":\"EntryPoint\",\"urlTemplate\":\"https:\/\/www.nkrotadanismanlik.com.tr\/?s={search_term_string}\"},\"query-input\":\"required name=search_term_string\"}],\"inLanguage\":\"tr\"},{\"@type\":\"Organization\",\"@id\":\"https:\/\/www.nkrotadanismanlik.com.tr\/#organization\",\"name\":\"NK Rota Dan\u0131\u015fmanl\u0131k\",\"url\":\"https:\/\/www.nkrotadanismanlik.com.tr\/\",\"logo\":{\"@type\":\"ImageObject\",\"inLanguage\":\"tr\",\"@id\":\"https:\/\/www.nkrotadanismanlik.com.tr\/#\/schema\/logo\/image\/\",\"url\":\"https:\/\/www.nkrotadanismanlik.com.tr\/wp-content\/uploads\/2022\/08\/cropped-Defi-Finance-Logo-7-yazisisz.png\",\"contentUrl\":\"https:\/\/www.nkrotadanismanlik.com.tr\/wp-content\/uploads\/2022\/08\/cropped-Defi-Finance-Logo-7-yazisisz.png\",\"width\":129,\"height\":125,\"caption\":\"NK Rota Dan\u0131\u015fmanl\u0131k\"},\"image\":{\"@id\":\"https:\/\/www.nkrotadanismanlik.com.tr\/#\/schema\/logo\/image\/\"}}]}<\/script>\n<!-- \/ Yoast SEO plugin. -->","yoast_head_json":{"title":"KOSGEB \u0130leri Giri\u015fimcilik Program\u0131 - NK Rota Dan\u0131\u015fmanl\u0131k","robots":{"index":"index","follow":"follow","max-snippet":"max-snippet:-1","max-image-preview":"max-image-preview:large","max-video-preview":"max-video-preview:-1"},"canonical":"https:\/\/www.nkrotadanismanlik.com.tr\/?page_id=103","og_locale":"tr_TR","og_type":"article","og_title":"KOSGEB \u0130leri Giri\u015fimcilik Program\u0131 - NK Rota Dan\u0131\u015fmanl\u0131k","og_description":"\u00a0 \u00a0 \u00a0 \u00a0 \u00a0 \u00a0 KOSGEB \u0130leri Giri\u015fimcilik Program\u0131 Giri\u015fimcinin destek program\u0131na uygunlu\u011fu analiz edilir ve ba\u015fvuru \u00f6n ko\u015fullar\u0131n\u0131n olu\u015fmas\u0131 sa\u011flan\u0131r. Giri\u015fimcinin programdan en y\u00fcksek oranda destek alabilmesi i\u00e7in uygun faaliyet kodu tespit edilir. Proje ba\u015fvuru dosyas\u0131 haz\u0131rlanarak KOSGEB\u2019e sunulur ve giri\u015fimcinin kurul sunumuna haz\u0131rlanmas\u0131 sa\u011flan\u0131r. Proje onay\u0131 sonras\u0131 KOSGEB mevzuat\u0131na uygun bi\u00e7imde teminat &hellip; KOSGEB \u0130leri Giri\u015fimcilik Program\u0131 Devam\u0131 &raquo;","og_url":"https:\/\/www.nkrotadanismanlik.com.tr\/?page_id=103","og_site_name":"NK Rota Dan\u0131\u015fmanl\u0131k","article_modified_time":"2022-10-05T09:12:43+00:00","og_image":[{"url":"https:\/\/www.nkrotadanismanlik.com.tr\/wp-content\/uploads\/2022\/10\/Ekran-Alintisi-300x154.png"}],"twitter_card":"summary_large_image","twitter_misc":{"Tahmini okuma s\u00fcresi":"1 dakika"},"schema":{"@context":"https:\/\/schema.org","@graph":[{"@type":"WebPage","@id":"https:\/\/www.nkrotadanismanlik.com.tr\/?page_id=103","url":"https:\/\/www.nkrotadanismanlik.com.tr\/?page_id=103","name":"KOSGEB \u0130leri Giri\u015fimcilik Program\u0131 - NK Rota Dan\u0131\u015fmanl\u0131k","isPartOf":{"@id":"https:\/\/www.nkrotadanismanlik.com.tr\/#website"},"datePublished":"2022-10-04T16:11:19+00:00","dateModified":"2022-10-05T09:12:43+00:00","breadcrumb":{"@id":"https:\/\/www.nkrotadanismanlik.com.tr\/?page_id=103#breadcrumb"},"inLanguage":"tr","potentialAction":[{"@type":"ReadAction","target":["https:\/\/www.nkrotadanismanlik.com.tr\/?page_id=103"]}]},{"@type":"BreadcrumbList","@id":"https:\/\/www.nkrotadanismanlik.com.tr\/?page_id=103#breadcrumb","itemListElement":[{"@type":"ListItem","position":1,"name":"Anasayfa","item":"https:\/\/www.nkrotadanismanlik.com.tr\/"},{"@type":"ListItem","position":2,"name":"KOSGEB \u0130leri Giri\u015fimcilik Program\u0131"}]},{"@type":"WebSite","@id":"https:\/\/www.nkrotadanismanlik.com.tr\/#website","url":"https:\/\/www.nkrotadanismanlik.com.tr\/","name":"NK Rota Dan\u0131\u015fmanl\u0131k","description":"Sizin \u0130\u00e7in En Do\u011fru ROTA","publisher":{"@id":"https:\/\/www.nkrotadanismanlik.com.tr\/#organization"},"potentialAction":[{"@type":"SearchAction","target":{"@type":"EntryPoint","urlTemplate":"https:\/\/www.nkrotadanismanlik.com.tr\/?s={search_term_string}"},"query-input":"required name=search_term_string"}],"inLanguage":"tr"},{"@type":"Organization","@id":"https:\/\/www.nkrotadanismanlik.com.tr\/#organization","name":"NK Rota Dan\u0131\u015fmanl\u0131k","url":"https:\/\/www.nkrotadanismanlik.com.tr\/","logo":{"@type":"ImageObject","inLanguage":"tr","@id":"https:\/\/www.nkrotadanismanlik.com.tr\/#\/schema\/logo\/image\/","url":"https:\/\/www.nkrotadanismanlik.com.tr\/wp-content\/uploads\/2022\/08\/cropped-Defi-Finance-Logo-7-yazisisz.png","contentUrl":"https:\/\/www.nkrotadanismanlik.com.tr\/wp-content\/uploads\/2022\/08\/cropped-Defi-Finance-Logo-7-yazisisz.png","width":129,"height":125,"caption":"NK Rota Dan\u0131\u015fmanl\u0131k"},"image":{"@id":"https:\/\/www.nkrotadanismanlik.com.tr\/#\/schema\/logo\/image\/"}}]}},"_links":{"self":[{"href":"https:\/\/www.nkrotadanismanlik.com.tr\/index.php?rest_route=\/wp\/v2\/pages\/103","targetHints":{"allow":["GET"]}}],"collection":[{"href":"https:\/\/www.nkrotadanismanlik.com.tr\/index.php?rest_route=\/wp\/v2\/pages"}],"about":[{"href":"https:\/\/www.nkrotadanismanlik.com.tr\/index.php?rest_route=\/wp\/v2\/types\/page"}],"author":[{"embeddable":true,"href":"https:\/\/www.nkrotadanismanlik.com.tr\/index.php?rest_route=\/wp\/v2\/users\/1"}],"replies":[{"embeddable":true,"href":"https:\/\/www.nkrotadanismanlik.com.tr\/index.php?rest_route=%2Fwp%2Fv2%2Fcomments&post=103"}],"version-history":[{"count":19,"href":"https:\/\/www.nkrotadanismanlik.com.tr\/index.php?rest_route=\/wp\/v2\/pages\/103\/revisions"}],"predecessor-version":[{"id":174,"href":"https:\/\/www.nkrotadanismanlik.com.tr\/index.php?rest_route=\/wp\/v2\/pages\/103\/revisions\/174"}],"wp:attachment":[{"href":"https:\/\/www.nkrotadanismanlik.com.tr\/index.php?rest_route=%2Fwp%2Fv2%2Fmedia&parent=103"}],"curies":[{"name":"wp","href":"https:\/\/api.w.org\/{rel}","templated":true}]}}